{"id":1174,"date":"2024-09-25T13:54:19","date_gmt":"2024-09-25T20:54:19","guid":{"rendered":"https:\/\/orangecounty.vote\/cd45\/"},"modified":"2025-02-07T05:20:32","modified_gmt":"2025-02-07T05:20:32","slug":"cd45","status":"publish","type":"page","link":"https:\/\/orangecounty.vote\/es\/cd45\/","title":{"rendered":"Derek Tran para Congresista Distrito 45"},"content":{"rendered":"\n<div class=\"wp-block-cover alignwide is-light is-position-center-center\"><span aria-hidden=\"true\" class=\"wp-block-cover__background has-white-background-color has-background-dim\"><\/span><a href=\"https:\/\/orangecounty.vote\/es\/cd45\/\" title=\"Derek Tran para Congresista Distrito 45\"><\/a><div class=\"wp-block-cover__inner-container is-layout-flow wp-block-cover-is-layout-flow\">\n<h2 class=\"wp-block-heading alignwide has-text-align-left\" id=\"tran\">Derek Tran para Congresista Distrito 45<\/h2>\n\n\n\n<div class=\"wp-block-columns alignwide is-layout-flex wp-container-core-columns-is-layout-9d6595d7 wp-block-columns-is-layout-flex\">\n<div class=\"wp-block-column is-vertically-aligned-top is-layout-flow wp-block-column-is-layout-flow\">\n<figure class=\"wp-block-image size-full is-style-rounded\"><img fetchpriority=\"high\" decoding=\"async\" width=\"522\" height=\"522\" src=\"http:\/\/orangecounty.vote\/wp-content\/uploads\/sites\/6\/2024\/07\/Derek-Tran-1-Copy.jpg\" alt=\"\" class=\"wp-image-653\" srcset=\"https:\/\/orangecounty.vote\/wp-content\/uploads\/sites\/6\/2024\/07\/Derek-Tran-1-Copy.jpg 522w, https:\/\/orangecounty.vote\/wp-content\/uploads\/sites\/6\/2024\/07\/Derek-Tran-1-Copy-300x300.jpg 300w, https:\/\/orangecounty.vote\/wp-content\/uploads\/sites\/6\/2024\/07\/Derek-Tran-1-Copy-150x150.jpg 150w\" sizes=\"(max-width: 522px) 100vw, 522px\" \/><\/figure>\n<\/div>\n\n\n\n<div class=\"wp-block-column is-layout-flow wp-block-column-is-layout-flow\">\n<p>Derek Tran es un abogado de derechos del consumidor y es un due\u00f1o de peque\u00f1os negocios. Tran es comisionado de la ciudad de Orange y es hijo de inmigrantes refugiados de Vietnam.<\/p>\n\n\n\n<h4 class=\"wp-block-heading\">Prioridades<\/h4>\n\n\n\n<ul class=\"wp-block-list\">\n<li>apoyar a familias trabajadoras con uniones, viviendas asequibles, cuidado de salud, y educaci\u00f3n<\/li>\n\n\n\n<li>prevenir la violencia de armas de Fuego y asegurar que los ni\u00f1os y maestros est\u00e9n seguros<\/li>\n\n\n\n<li>asegurar que mujeres y sus familias puedan hacer decisiones informadas de salud reproductiva<\/li>\n<\/ul>\n<\/div>\n\n\n\n<div class=\"wp-block-column is-vertically-aligned-top is-layout-flow wp-block-column-is-layout-flow\">\n<h4 class=\"wp-block-heading\">Respaldantes<\/h4>\n\n\n\n<ul class=\"wp-block-list\">\n<li>Vicente Sarmiento, Orange County Supervisor, District 2<\/li>\n\n\n\n<li>Susan Sonne, Buena Park Mayor Pro Tem<\/li>\n\n\n\n<li>Planned Parenthood Action Fund<\/li>\n<\/ul>\n\n\n\n<div class=\"wp-block-buttons is-layout-flex wp-block-buttons-is-layout-flex\">\n<div class=\"wp-block-button\"><a class=\"wp-block-button__link has-white-color has-text-color wp-element-button\" href=\"https:\/\/hernandez4santaana.org\/endorsements\" style=\"border-radius:10px\">Lista completa<\/a><\/div>\n<\/div>\n<\/div>\n<\/div>\n<\/div><\/div>\n\n\n\n<div class=\"wp-block-cover alignwide is-light is-position-center-center\"><span aria-hidden=\"true\" class=\"wp-block-cover__background has-white-background-color has-background-dim\"><\/span><a href=\"https:\/\/orangecounty.vote\/es\/cd45\/\" title=\"Derek Tran para Congresista Distrito 45\"><\/a><div class=\"wp-block-cover__inner-container is-layout-flow wp-block-cover-is-layout-flow\">\n<h2 class=\"wp-block-heading alignwide has-text-align-center\" id=\"congress\">Congreso Federal<\/h2>\n\n\n\n<div class=\"wp-block-media-text alignwide has-media-on-the-right is-stacked-on-mobile is-vertically-aligned-center is-image-fill\" style=\"grid-template-columns:auto 33%\"><div class=\"wp-block-media-text__content\">\n<p>Los representantes de la C\u00e1mara de Representantes representan a las personas en cada distrito congresional. Crean leyes y aprueban el presupuesto federal.<\/p>\n\n\n\n<p>En las elecciones del 2024, los votantes elegir\u00e1n representantes para todos los distritos congresionales. Servir\u00e1n por per\u00edodos de dos a\u00f1os.<\/p>\n<\/div><figure class=\"wp-block-media-text__media\" style=\"background-image:url(http:\/\/orangecounty.vote\/wp-content\/uploads\/sites\/6\/2024\/07\/CA-CD45-2023-1024x820.png);background-position:50% 50%\"><a href=\"https:\/\/en.wikipedia.org\/wiki\/California%27s_45th_congressional_district\"><img decoding=\"async\" width=\"1024\" height=\"820\" src=\"http:\/\/orangecounty.vote\/wp-content\/uploads\/sites\/6\/2024\/07\/CA-CD45-2023-1024x820.png\" alt=\"\" class=\"wp-image-657 size-full\" srcset=\"https:\/\/orangecounty.vote\/wp-content\/uploads\/sites\/6\/2024\/07\/CA-CD45-2023-1024x820.png 1024w, https:\/\/orangecounty.vote\/wp-content\/uploads\/sites\/6\/2024\/07\/CA-CD45-2023-300x240.png 300w, https:\/\/orangecounty.vote\/wp-content\/uploads\/sites\/6\/2024\/07\/CA-CD45-2023-768x615.png 768w, https:\/\/orangecounty.vote\/wp-content\/uploads\/sites\/6\/2024\/07\/CA-CD45-2023.png 1059w\" sizes=\"(max-width: 1024px) 100vw, 1024px\" \/><\/a><\/figure><\/div>\n<\/div><\/div>\n\n\n\n<div class=\"wp-block-cover alignwide is-light\" style=\"min-height:150px;aspect-ratio:unset;\"><span aria-hidden=\"true\" class=\"wp-block-cover__background has-white-background-color has-background-dim-100 has-background-dim\"><\/span><div class=\"wp-block-cover__inner-container is-layout-constrained wp-block-cover-is-layout-constrained\">\n<h2 class=\"wp-block-heading alignwide has-text-align-center has-large-font-size\">Pagado por Orange County PAC (<a href=\"https:\/\/ocpac.vote\/es\">www.ocpac.vote<\/a>)<\/h2>\n\n\n\n<h2 class=\"wp-block-heading alignwide has-text-align-center has-large-font-size\">No autorizado por ning\u00fan candidato ni comit\u00e9 controlado por un candidato.<\/h2>\n<\/div><\/div>\n","protected":false},"excerpt":{"rendered":"","protected":false},"author":1,"featured_media":0,"parent":0,"menu_order":0,"comment_status":"closed","ping_status":"closed","template":"","meta":{"footnotes":""},"class_list":["post-1174","page","type-page","status-publish","hentry"],"yoast_head":"<!-- This site is optimized with the Yoast SEO Premium plugin v25.6 (Yoast SEO v25.6) - https:\/\/yoast.com\/wordpress\/plugins\/seo\/ -->\n<title>Derek Tran para Congresista Distrito 45 - OCPAC Voter Guide<\/title>\n<meta name=\"robots\" content=\"index, follow, max-snippet:-1, max-image-preview:large, max-video-preview:-1\" \/>\n<link rel=\"canonical\" href=\"https:\/\/orangecounty.vote\/es\/cd45\/\" \/>\n<meta property=\"og:locale\" content=\"es_ES\" \/>\n<meta property=\"og:type\" content=\"article\" \/>\n<meta property=\"og:title\" content=\"Derek Tran para Congresista Distrito 45\" \/>\n<meta property=\"og:url\" content=\"https:\/\/orangecounty.vote\/es\/cd45\/\" \/>\n<meta property=\"og:site_name\" content=\"OCPAC Voter Guide\" \/>\n<meta property=\"article:modified_time\" content=\"2025-02-07T05:20:32+00:00\" \/>\n<meta property=\"og:image\" content=\"http:\/\/orangecounty.vote\/wp-content\/uploads\/sites\/6\/2024\/07\/Derek-Tran-1-Copy.jpg\" \/>\n<meta name=\"twitter:card\" content=\"summary_large_image\" \/>\n<meta name=\"twitter:label1\" content=\"Tiempo de lectura\" \/>\n\t<meta name=\"twitter:data1\" content=\"1 minuto\" \/>\n<script type=\"application\/ld+json\" class=\"yoast-schema-graph\">{\"@context\":\"https:\/\/schema.org\",\"@graph\":[{\"@type\":\"WebPage\",\"@id\":\"https:\/\/orangecounty.vote\/es\/cd45\/\",\"url\":\"https:\/\/orangecounty.vote\/es\/cd45\/\",\"name\":\"Derek Tran para Congresista Distrito 45 - OCPAC Voter Guide\",\"isPartOf\":{\"@id\":\"https:\/\/orangecounty.vote\/#website\"},\"primaryImageOfPage\":{\"@id\":\"https:\/\/orangecounty.vote\/es\/cd45\/#primaryimage\"},\"image\":{\"@id\":\"https:\/\/orangecounty.vote\/es\/cd45\/#primaryimage\"},\"thumbnailUrl\":\"http:\/\/orangecounty.vote\/wp-content\/uploads\/sites\/6\/2024\/07\/Derek-Tran-1-Copy.jpg\",\"datePublished\":\"2024-09-25T20:54:19+00:00\",\"dateModified\":\"2025-02-07T05:20:32+00:00\",\"breadcrumb\":{\"@id\":\"https:\/\/orangecounty.vote\/es\/cd45\/#breadcrumb\"},\"inLanguage\":\"es\",\"potentialAction\":[{\"@type\":\"ReadAction\",\"target\":[\"https:\/\/orangecounty.vote\/es\/cd45\/\"]}]},{\"@type\":\"ImageObject\",\"inLanguage\":\"es\",\"@id\":\"https:\/\/orangecounty.vote\/es\/cd45\/#primaryimage\",\"url\":\"http:\/\/orangecounty.vote\/wp-content\/uploads\/sites\/6\/2024\/07\/Derek-Tran-1-Copy.jpg\",\"contentUrl\":\"http:\/\/orangecounty.vote\/wp-content\/uploads\/sites\/6\/2024\/07\/Derek-Tran-1-Copy.jpg\"},{\"@type\":\"BreadcrumbList\",\"@id\":\"https:\/\/orangecounty.vote\/es\/cd45\/#breadcrumb\",\"itemListElement\":[{\"@type\":\"ListItem\",\"position\":1,\"name\":\"Home\",\"item\":\"https:\/\/orangecounty.vote\/es\/\"},{\"@type\":\"ListItem\",\"position\":2,\"name\":\"Derek Tran para Congresista Distrito 45\"}]},{\"@type\":\"WebSite\",\"@id\":\"https:\/\/orangecounty.vote\/#website\",\"url\":\"https:\/\/orangecounty.vote\/\",\"name\":\"OCPAC Voter Guide\",\"description\":\"\",\"publisher\":{\"@id\":\"https:\/\/orangecounty.vote\/#organization\"},\"potentialAction\":[{\"@type\":\"SearchAction\",\"target\":{\"@type\":\"EntryPoint\",\"urlTemplate\":\"https:\/\/orangecounty.vote\/?s={search_term_string}\"},\"query-input\":{\"@type\":\"PropertyValueSpecification\",\"valueRequired\":true,\"valueName\":\"search_term_string\"}}],\"inLanguage\":\"es\"},{\"@type\":[\"Organization\",\"Place\"],\"@id\":\"https:\/\/orangecounty.vote\/#organization\",\"name\":\"OCPAC Voter Guide\",\"url\":\"https:\/\/orangecounty.vote\/\",\"logo\":{\"@id\":\"https:\/\/orangecounty.vote\/es\/cd45\/#local-main-organization-logo\"},\"image\":{\"@id\":\"https:\/\/orangecounty.vote\/es\/cd45\/#local-main-organization-logo\"},\"telephone\":[],\"openingHoursSpecification\":[{\"@type\":\"OpeningHoursSpecification\",\"dayOfWeek\":[\"Monday\",\"Tuesday\",\"Wednesday\",\"Thursday\",\"Friday\",\"Saturday\",\"Sunday\"],\"opens\":\"09:00\",\"closes\":\"17:00\"}]},{\"@type\":\"ImageObject\",\"inLanguage\":\"es\",\"@id\":\"https:\/\/orangecounty.vote\/es\/cd45\/#local-main-organization-logo\",\"url\":\"https:\/\/orangecounty.vote\/wp-content\/uploads\/sites\/6\/2024\/10\/VG-Banner.png\",\"contentUrl\":\"https:\/\/orangecounty.vote\/wp-content\/uploads\/sites\/6\/2024\/10\/VG-Banner.png\",\"width\":570,\"height\":100,\"caption\":\"OCPAC Voter Guide\"}]}<\/script>\n<!-- \/ Yoast SEO Premium plugin. -->","yoast_head_json":{"title":"Derek Tran para Congresista Distrito 45 - OCPAC Voter Guide","robots":{"index":"index","follow":"follow","max-snippet":"max-snippet:-1","max-image-preview":"max-image-preview:large","max-video-preview":"max-video-preview:-1"},"canonical":"https:\/\/orangecounty.vote\/es\/cd45\/","og_locale":"es_ES","og_type":"article","og_title":"Derek Tran para Congresista Distrito 45","og_url":"https:\/\/orangecounty.vote\/es\/cd45\/","og_site_name":"OCPAC Voter Guide","article_modified_time":"2025-02-07T05:20:32+00:00","og_image":[{"url":"http:\/\/orangecounty.vote\/wp-content\/uploads\/sites\/6\/2024\/07\/Derek-Tran-1-Copy.jpg","type":"","width":"","height":""}],"twitter_card":"summary_large_image","twitter_misc":{"Tiempo de lectura":"1 minuto"},"schema":{"@context":"https:\/\/schema.org","@graph":[{"@type":"WebPage","@id":"https:\/\/orangecounty.vote\/es\/cd45\/","url":"https:\/\/orangecounty.vote\/es\/cd45\/","name":"Derek Tran para Congresista Distrito 45 - OCPAC Voter Guide","isPartOf":{"@id":"https:\/\/orangecounty.vote\/#website"},"primaryImageOfPage":{"@id":"https:\/\/orangecounty.vote\/es\/cd45\/#primaryimage"},"image":{"@id":"https:\/\/orangecounty.vote\/es\/cd45\/#primaryimage"},"thumbnailUrl":"http:\/\/orangecounty.vote\/wp-content\/uploads\/sites\/6\/2024\/07\/Derek-Tran-1-Copy.jpg","datePublished":"2024-09-25T20:54:19+00:00","dateModified":"2025-02-07T05:20:32+00:00","breadcrumb":{"@id":"https:\/\/orangecounty.vote\/es\/cd45\/#breadcrumb"},"inLanguage":"es","potentialAction":[{"@type":"ReadAction","target":["https:\/\/orangecounty.vote\/es\/cd45\/"]}]},{"@type":"ImageObject","inLanguage":"es","@id":"https:\/\/orangecounty.vote\/es\/cd45\/#primaryimage","url":"http:\/\/orangecounty.vote\/wp-content\/uploads\/sites\/6\/2024\/07\/Derek-Tran-1-Copy.jpg","contentUrl":"http:\/\/orangecounty.vote\/wp-content\/uploads\/sites\/6\/2024\/07\/Derek-Tran-1-Copy.jpg"},{"@type":"BreadcrumbList","@id":"https:\/\/orangecounty.vote\/es\/cd45\/#breadcrumb","itemListElement":[{"@type":"ListItem","position":1,"name":"Home","item":"https:\/\/orangecounty.vote\/es\/"},{"@type":"ListItem","position":2,"name":"Derek Tran para Congresista Distrito 45"}]},{"@type":"WebSite","@id":"https:\/\/orangecounty.vote\/#website","url":"https:\/\/orangecounty.vote\/","name":"OCPAC Voter Guide","description":"","publisher":{"@id":"https:\/\/orangecounty.vote\/#organization"},"potentialAction":[{"@type":"SearchAction","target":{"@type":"EntryPoint","urlTemplate":"https:\/\/orangecounty.vote\/?s={search_term_string}"},"query-input":{"@type":"PropertyValueSpecification","valueRequired":true,"valueName":"search_term_string"}}],"inLanguage":"es"},{"@type":["Organization","Place"],"@id":"https:\/\/orangecounty.vote\/#organization","name":"OCPAC Voter Guide","url":"https:\/\/orangecounty.vote\/","logo":{"@id":"https:\/\/orangecounty.vote\/es\/cd45\/#local-main-organization-logo"},"image":{"@id":"https:\/\/orangecounty.vote\/es\/cd45\/#local-main-organization-logo"},"telephone":[],"openingHoursSpecification":[{"@type":"OpeningHoursSpecification","dayOfWeek":["Monday","Tuesday","Wednesday","Thursday","Friday","Saturday","Sunday"],"opens":"09:00","closes":"17:00"}]},{"@type":"ImageObject","inLanguage":"es","@id":"https:\/\/orangecounty.vote\/es\/cd45\/#local-main-organization-logo","url":"https:\/\/orangecounty.vote\/wp-content\/uploads\/sites\/6\/2024\/10\/VG-Banner.png","contentUrl":"https:\/\/orangecounty.vote\/wp-content\/uploads\/sites\/6\/2024\/10\/VG-Banner.png","width":570,"height":100,"caption":"OCPAC Voter Guide"}]}},"_links":{"self":[{"href":"https:\/\/orangecounty.vote\/es\/wp-json\/wp\/v2\/pages\/1174","targetHints":{"allow":["GET"]}}],"collection":[{"href":"https:\/\/orangecounty.vote\/es\/wp-json\/wp\/v2\/pages"}],"about":[{"href":"https:\/\/orangecounty.vote\/es\/wp-json\/wp\/v2\/types\/page"}],"author":[{"embeddable":true,"href":"https:\/\/orangecounty.vote\/es\/wp-json\/wp\/v2\/users\/1"}],"replies":[{"embeddable":true,"href":"https:\/\/orangecounty.vote\/es\/wp-json\/wp\/v2\/comments?post=1174"}],"version-history":[{"count":1,"href":"https:\/\/orangecounty.vote\/es\/wp-json\/wp\/v2\/pages\/1174\/revisions"}],"predecessor-version":[{"id":1245,"href":"https:\/\/orangecounty.vote\/es\/wp-json\/wp\/v2\/pages\/1174\/revisions\/1245"}],"wp:attachment":[{"href":"https:\/\/orangecounty.vote\/es\/wp-json\/wp\/v2\/media?parent=1174"}],"curies":[{"name":"wp","href":"https:\/\/api.w.org\/{rel}","templated":true}]}}