{"id":330,"date":"2022-09-06T09:48:52","date_gmt":"2022-09-06T16:48:52","guid":{"rendered":"https:\/\/orangecounty.vote\/vote\/"},"modified":"2025-02-07T05:20:30","modified_gmt":"2025-02-07T05:20:30","slug":"vote","status":"publish","type":"page","link":"https:\/\/orangecounty.vote\/es\/vote\/","title":{"rendered":"C\u00f3mo Votar y Registrarse"},"content":{"rendered":"\n<div class=\"wp-block-cover alignwide is-light\"><span aria-hidden=\"true\" class=\"wp-block-cover__background has-white-background-color has-background-dim-100 has-background-dim\"><\/span><div class=\"wp-block-cover__inner-container is-layout-flow wp-block-cover-is-layout-flow\">\n<div class=\"wp-block-columns alignwide is-layout-flex wp-container-core-columns-is-layout-9d6595d7 wp-block-columns-is-layout-flex\">\n<div class=\"wp-block-column is-layout-flow wp-block-column-is-layout-flow\">\n<h2 class=\"has-text-align-left wp-block-heading\" id=\"reg\">Registro de Votante<\/h2>\n\n\n\n<p>Si est\u00e1 votando por la primera vez, tiene que registrarse. Tiene dos opciones para registrarse:<\/p>\n\n\n\n<p>Puede registrarse por el internet&nbsp;<a href=\"https:\/\/registertovote.ca.gov\/es-mx\">en el sitio web del Secretariado de California<\/a>! Debe registrarse antes de <strong>medianoche del 21 de Octubre<\/strong>.<\/p>\n\n\n\n<p class=\"has-small-font-size\">Tambi\u00e9n puede llenar un formulario de papel. El formulario est\u00e1 disponible en oficinas de gobierno &#8211; bibliotecas, oficinas de correo postal, ayuntamientos. Este tambi\u00e9n debe enviarse hasta el 24 de Octubre.<\/p>\n\n\n\n<p class=\"has-small-font-size\">Si se ha mudado, debe registrarse de nuevo con su nueva direcci\u00f3n.<\/p>\n<\/div>\n\n\n\n<div class=\"wp-block-column is-layout-flow wp-block-column-is-layout-flow\" id=\"reg\">\n<figure class=\"wp-block-embed is-type-video is-provider-youtube wp-block-embed-youtube wp-embed-aspect-16-9 wp-has-aspect-ratio\"><div class=\"wp-block-embed__wrapper\">\n<iframe title=\"Registering to Vote - Spanish Espa\u00f1ol\" width=\"580\" height=\"326\" src=\"https:\/\/www.youtube.com\/embed\/ya1-AbOd4C4?feature=oembed\" frameborder=\"0\" allow=\"accelerometer; autoplay; clipboard-write; encrypted-media; gyroscope; picture-in-picture; web-share\" referrerpolicy=\"strict-origin-when-cross-origin\" allowfullscreen><\/iframe>\n<\/div><\/figure>\n\n\n\n<p class=\"has-small-font-size\" id=\"sameday\"><strong><a href=\"https:\/\/ocvote.gov\/es\/node\/172\">Registro del mismo d\u00eda<\/a><\/strong><br>Tambi\u00e9n puede ir a cualquier Centro de Voto y registrarse. Tiene que traer un ID de gobierno (t\u00edpicamente licencia de conducir o California ID) y escribir su n\u00famero de seguro social. Los Centros de Voto abren desde el S\u00e1bado, 2 de Noviembre hasta el Martes, 5 de Noviembre. (Algunos Centros de Voto abren m\u00e1s d\u00edas)<\/p>\n<\/div>\n<\/div>\n<\/div><\/div>\n\n\n\n<div class=\"wp-block-cover alignwide is-light\"><span aria-hidden=\"true\" class=\"wp-block-cover__background has-white-background-color has-background-dim-100 has-background-dim\"><\/span><div class=\"wp-block-cover__inner-container is-layout-flow wp-block-cover-is-layout-flow\">\n<div class=\"wp-block-columns alignwide is-layout-flex wp-container-core-columns-is-layout-9d6595d7 wp-block-columns-is-layout-flex\" id=\"mail\">\n<div class=\"wp-block-column is-layout-flow wp-block-column-is-layout-flow\">\n<h2 class=\"wp-block-heading\">Vote por Correo<\/h2>\n\n\n\n<p>Todos los votantes recibir\u00e1n una papeleta de voto durante la segunda semana de octubre. Puede marcar sus decisiones, firmar, y enviarlo sin estampilla!<\/p>\n\n\n\n<figure class=\"wp-block-image size-large\"><img decoding=\"async\" src=\"https:\/\/govoteoc.com\/wp-content\/uploads\/sites\/67\/2022\/09\/Ballot-with-Notes-1024x674.png\" alt=\"\" class=\"wp-image-521\" \/><\/figure>\n\n\n\n<p>Entr\u00e9guelo en cualquiera de los Buzones de Entrega que est\u00e1n disponibles en el condado, o env\u00edelo por correo, o despu\u00e9s del 21 de Octubre, entr\u00e9guelo en un Centro de Voto.<\/p>\n\n\n\n<figure class=\"wp-block-image size-large\"><img decoding=\"async\" src=\"https:\/\/govoteoc.com\/wp-content\/uploads\/sites\/67\/2022\/09\/Ballot-Return-Options-1024x209.png\" alt=\"\" class=\"wp-image-525\" \/><\/figure>\n\n\n\n<p>Si est\u00e1 marcado como un <a href=\"#inactive\">votante inactivo<\/a>, puede que no haya recibido su papeleta por correo. <a href=\"https:\/\/ocvote.gov\/vlt\/es.html?lang=es\">Verifique por internet si es que est\u00e1 inactivo<\/a> &#8211;  si est\u00e1 inactivo, puede usar el mismo formulario para pedir que le env\u00eden una papeleta por correo.<\/p>\n\n\n\n<p>Su papeleta es v\u00e1lida mientras sea enviada (postmarked) hasta el 5 de Noviembre. Incluso si envia su papeleta el 5 de Noviembre, y llegue atrasado una o dos semanas, igual calificar\u00e1 como un voto v\u00e1lido!<\/p>\n\n\n\n<div class=\"wp-block-buttons is-layout-flex wp-block-buttons-is-layout-flex\">\n<div class=\"wp-block-button\"><a class=\"wp-block-button__link wp-element-button\" href=\"https:\/\/ocvote.gov\/vlt\/es.html?lang=es\">Buscar su papeleta<\/a><\/div>\n<\/div>\n\n\n\n<p>Las ubicaciones ser\u00e1n disponibles en Octubre.<\/p>\n<\/div>\n\n\n\n<div class=\"wp-block-column is-layout-flow wp-block-column-is-layout-flow\">\n<figure class=\"wp-block-embed is-type-video is-provider-youtube wp-block-embed-youtube wp-embed-aspect-16-9 wp-has-aspect-ratio\"><div class=\"wp-block-embed__wrapper\">\n<iframe title=\"Voting at Home Under COVID-19 [EXTENDED] - Spanish (Espa\u00f1ol)\" width=\"580\" height=\"326\" src=\"https:\/\/www.youtube.com\/embed\/U2LFuX2LUkI?feature=oembed\" frameborder=\"0\" allow=\"accelerometer; autoplay; clipboard-write; encrypted-media; gyroscope; picture-in-picture; web-share\" referrerpolicy=\"strict-origin-when-cross-origin\" allowfullscreen><\/iframe>\n<\/div><\/figure>\n\n\n\n<h5 class=\"wp-block-heading\">C\u00f3mo marcar su papeleta<\/h5>\n\n\n\n<ul class=\"wp-block-list\">\n<li>Use l\u00e1piez azul o negro<\/li>\n\n\n\n<li>Llene el c\u00edrculo completamente<\/li>\n\n\n\n<li>Si despu\u00e9s de llenar el c\u00edrculo, quiere cambiar su decisi\u00f3n, marque el c\u00edrculo con una X (para indicar el cambio de opci\u00f3n), y llene la alternativa correcta.<\/li>\n<\/ul>\n\n\n\n<h5 class=\"wp-block-heading\">Mi perro se comi\u00f3 mi papeleta!<\/h5>\n\n\n\n<p>A\u00fan puede votar! Puede usar el <a href=\"https:\/\/ocvote.gov\/vlt\/es.html?lang=es\">sitio web del Registro de Votantes del Condado<\/a> para pedir que le env\u00eden una papeleta nueva, o puede votar en persona en cualquier Centro de Voto!<\/p>\n\n\n\n<figure class=\"wp-block-image size-medium is-resized is-style-rounded\"><img decoding=\"async\" src=\"https:\/\/govoteoc.com\/wp-content\/uploads\/sites\/67\/2022\/09\/Dog-chase-mailman_31366263-300x204.jpeg\" alt=\"\u00a1Perro malo! \u00a1Muy malo!\" class=\"wp-image-531\" width=\"225\" height=\"153\" \/><figcaption class=\"wp-element-caption\">\u00a1Perro malo! \u00a1Muy malo!<\/figcaption><\/figure>\n\n\n\n<h5 class=\"wp-block-heading\">\u00bfPuedo pedir que otra persona entregue mi papeleta?<\/h5>\n\n\n\n<p class=\"has-small-font-size\">Cualquier persona puede entregar su papeleta. (Pero no puede ser alguien que reciba dinero por ayudarle) Antes que la persona se lleve su papeleta, deber\u00e1 llenar y firmas algunas secciones extras arriba del sobre de regreso, con la informaci\u00f3n de la persona que estar\u00e1 entregando el sobre.<\/p>\n<\/div>\n<\/div>\n<\/div><\/div>\n\n\n\n<div class=\"wp-block-cover alignwide is-light\" id=\"center\"><span aria-hidden=\"true\" class=\"wp-block-cover__background has-white-background-color has-background-dim-100 has-background-dim\"><\/span><div class=\"wp-block-cover__inner-container is-layout-flow wp-block-cover-is-layout-flow\">\n<div class=\"wp-block-columns alignwide is-layout-flex wp-container-core-columns-is-layout-9d6595d7 wp-block-columns-is-layout-flex\">\n<div class=\"wp-block-column is-layout-flow wp-block-column-is-layout-flow\" id=\"center\">\n<h2 class=\"wp-block-heading\">Vote en Persona<\/h2>\n\n\n\n<p>Puede votar en persona en cualquier Centro de Voto en el condado de Orange! Algunos comienzan de antemano el S\u00e1bado 29 de octubre, y despu\u00e9s, todos los Centros estar\u00e1n operando desde el S\u00e1bado, 5 de noviembre.<\/p>\n\n\n\n<ul class=\"wp-block-list\">\n<li>Horarios durante 10\/26-11\/1<br>8am a 5pm (incluyendo el s\u00e1bado y domingo)<\/li>\n\n\n\n<li>Horarios durante 11\/2-11\/4<br>8am a 8pm (incluyendo el s\u00e1bado y domingo)<\/li>\n\n\n\n<li>D\u00eda de elecciones, martes 5 de noviembre:<br>7am a 8pm<\/li>\n<\/ul>\n\n\n\n<div class=\"wp-block-buttons is-layout-flex wp-block-buttons-is-layout-flex\">\n<div class=\"wp-block-button\"><a class=\"wp-block-button__link wp-element-button\" href=\"https:\/\/www.ocvote.gov\/voting\/voting-and-dropoff-locations-by-election\">Ubicaciones de Centros de Voto<\/a><\/div>\n<\/div>\n\n\n\n<p>En los Centros de Voto, se puede hacer todo relacionado a las elecciones:<\/p>\n\n\n\n<ul class=\"wp-block-list\">\n<li>Votar en persona (No necesita devolver su papeleta de correo original)<\/li>\n\n\n\n<li>Entregar su papeleta de correo<\/li>\n\n\n\n<li>Registrarse como votante (si es que no est\u00e1 registrado)<\/li>\n\n\n\n<li>Recibir ayuda de personal del centro, y recibir ayuda en su idioma<\/li>\n<\/ul>\n\n\n\n<p><\/p>\n<\/div>\n\n\n\n<div class=\"wp-block-column is-layout-flow wp-block-column-is-layout-flow\">\n<figure class=\"wp-block-embed is-type-video is-provider-youtube wp-block-embed-youtube wp-embed-aspect-16-9 wp-has-aspect-ratio\"><div class=\"wp-block-embed__wrapper\">\n<iframe title=\"Voting in Person - Spanish Espa\u00f1ol\" width=\"580\" height=\"326\" src=\"https:\/\/www.youtube.com\/embed\/CcgVQSHq7M0?feature=oembed\" frameborder=\"0\" allow=\"accelerometer; autoplay; clipboard-write; encrypted-media; gyroscope; picture-in-picture; web-share\" referrerpolicy=\"strict-origin-when-cross-origin\" allowfullscreen><\/iframe>\n<\/div><\/figure>\n\n\n\n<ul class=\"wp-block-list\">\n<li>You can submit your completed&nbsp; ballot at any Vote Center in California<\/li>\n\n\n\n<li>Even if you received your ballot by mail, you can vote in person<\/li>\n\n\n\n<li>You DO NOT need to bring in your mail in ballot to vote in person<\/li>\n\n\n\n<li>You can register to vote &amp; cast your ballot at Vote Centers<\/li>\n<\/ul>\n\n\n\n<p class=\"has-small-font-size\">No vive en el condado de Orange? Encuentre su Centro de Voto en el <a href=\"https:\/\/www.sos.ca.gov\/elections\/voting-resources\/county-elections-offices\">sitio web de la Secretar\u00eda de Estado de California.<\/a><\/p>\n<\/div>\n<\/div>\n\n\n\n<div style=\"height:50px\" aria-hidden=\"true\" class=\"wp-block-spacer\"><\/div>\n<\/div><\/div>\n\n\n\n<div class=\"wp-block-cover alignwide is-light\"><span aria-hidden=\"true\" class=\"wp-block-cover__background has-white-background-color has-background-dim-100 has-background-dim\"><\/span><div class=\"wp-block-cover__inner-container is-layout-flow wp-block-cover-is-layout-flow\">\n<div class=\"wp-block-columns alignwide is-layout-flex wp-container-core-columns-is-layout-9d6595d7 wp-block-columns-is-layout-flex\">\n<div class=\"wp-block-column is-layout-flow wp-block-column-is-layout-flow\" id=\"crime\"><\/div>\n\n\n\n<div class=\"wp-block-column is-layout-flow wp-block-column-is-layout-flow\" id=\"disability\">\n<h2 class=\"wp-block-heading\" id=\"disability\">Si tiene una desabilidad<\/h2>\n\n\n\n<p>La boleta de Acceso Remoto de Votaci\u00f3n por Correo ofrece a los votantes con discapacidades y a los votantes en el extranjero la opci\u00f3n de solicitar una boleta de votaci\u00f3n por correo para que se env\u00ede electr\u00f3nicamente. Esta opci\u00f3n tambi\u00e9n est\u00e1 disponible para todos los votantes. La boleta electr\u00f3nica se puede descargar en la computadora del votante, marcar con la propia tecnolog\u00eda de asistencia del votante y luego imprimirla.<\/p>\n\n\n\n<div class=\"wp-block-buttons is-layout-flex wp-block-buttons-is-layout-flex\">\n<div class=\"wp-block-button\"><a class=\"wp-block-button__link wp-element-button\" href=\"https:\/\/ocvote.gov\/es\/voting\/ravbm\">M\u00e1s informaci\u00f3n<\/a><\/div>\n<\/div>\n\n\n\n<p class=\"has-small-font-size\"><br><\/p>\n<\/div>\n<\/div>\n<\/div><\/div>\n\n\n\n<div style=\"height:100px\" aria-hidden=\"true\" class=\"wp-block-spacer\"><\/div>\n\n\n\n<p>La informaci\u00f3n aqu\u00ed provista es espec\u00edfico al estado de California. Si alguien le refiri\u00f3 a este sitio web y usted no vive en California, visite el <a href=\"https:\/\/www.nass.org\/\">sitio web de la Secretar\u00eda de Estado de su estado<\/a>!<\/p>\n\n\n\n<p>Las fechas l\u00edmites son espec\u00edficas a las Elecciones Generales de Noviembre de 2024. Para las elecciones a futuro (2026, etc) tendr\u00e1n otras fechas, porque el d\u00eda de elecciones, el segundo Martes de Noviembre, es un d\u00eda diferente del mes cada a\u00f1o.<\/p>\n\n\n\n<div class=\"wp-block-cover alignwide is-light\" style=\"min-height:120px;aspect-ratio:unset;\"><span aria-hidden=\"true\" class=\"wp-block-cover__background has-white-background-color has-background-dim-100 has-background-dim\"><\/span><div class=\"wp-block-cover__inner-container is-layout-flow wp-block-cover-is-layout-flow\">\n<h5 class=\"wp-block-heading alignwide has-text-align-center\"><span style=\"text-decoration: underline\">Pagado por Orange County PAC (FEC ID#C00754192)<br>Patrocinado por OC Action (<a href=\"https:\/\/ocpac.vote\">www.ocpac.vote<\/a>)<br>Financiamiento Principal de Comit\u00e9:<\/span><br>OC Action<br>BATTLEGROUND CALIFORNIA<br>Chispa PAC, Sponsored by Chispa, a project of Tides Advocacy<br><span style=\"text-decoration: underline\">No autorizado por ning\u00fan candidato ni comit\u00e9 controlado por un candidato.<\/span><\/h5>\n<\/div><\/div>\n","protected":false},"excerpt":{"rendered":"<p>La informaci\u00f3n aqu\u00ed provista es espec\u00edfico al estado de California. Si alguien le refiri\u00f3 a este sitio web y usted no vive en California, visite el sitio web de la Secretar\u00eda de Estado de su estado! Las fechas l\u00edmites son espec\u00edficas a las Elecciones Generales de Noviembre de 2024. Para las elecciones a futuro (2026, [&hellip;]<\/p>\n","protected":false},"author":1,"featured_media":0,"parent":0,"menu_order":0,"comment_status":"closed","ping_status":"closed","template":"","meta":{"footnotes":""},"class_list":["post-330","page","type-page","status-publish","hentry"],"yoast_head":"<!-- This site is optimized with the Yoast SEO Premium plugin v25.6 (Yoast SEO v25.6) - https:\/\/yoast.com\/wordpress\/plugins\/seo\/ -->\n<title>C\u00f3mo Votar y Registrarse - OCPAC Voter Guide<\/title>\n<meta name=\"robots\" content=\"index, follow, max-snippet:-1, max-image-preview:large, max-video-preview:-1\" \/>\n<link rel=\"canonical\" href=\"https:\/\/orangecounty.vote\/es\/vote\/\" \/>\n<meta property=\"og:locale\" content=\"es_ES\" \/>\n<meta property=\"og:type\" content=\"article\" \/>\n<meta property=\"og:title\" content=\"C\u00f3mo Votar y Registrarse\" \/>\n<meta property=\"og:description\" content=\"La informaci\u00f3n aqu\u00ed provista es espec\u00edfico al estado de California. Si alguien le refiri\u00f3 a este sitio web y usted no vive en California, visite el sitio web de la Secretar\u00eda de Estado de su estado! Las fechas l\u00edmites son espec\u00edficas a las Elecciones Generales de Noviembre de 2024. Para las elecciones a futuro (2026, [&hellip;]\" \/>\n<meta property=\"og:url\" content=\"https:\/\/orangecounty.vote\/es\/vote\/\" \/>\n<meta property=\"og:site_name\" content=\"OCPAC Voter Guide\" \/>\n<meta property=\"article:modified_time\" content=\"2025-02-07T05:20:30+00:00\" \/>\n<meta name=\"twitter:card\" content=\"summary_large_image\" \/>\n<meta name=\"twitter:label1\" content=\"Tiempo de lectura\" \/>\n\t<meta name=\"twitter:data1\" content=\"4 minutos\" \/>\n<script type=\"application\/ld+json\" class=\"yoast-schema-graph\">{\"@context\":\"https:\/\/schema.org\",\"@graph\":[{\"@type\":\"WebPage\",\"@id\":\"https:\/\/orangecounty.vote\/es\/vote\/\",\"url\":\"https:\/\/orangecounty.vote\/es\/vote\/\",\"name\":\"C\u00f3mo Votar y Registrarse - OCPAC Voter Guide\",\"isPartOf\":{\"@id\":\"https:\/\/orangecounty.vote\/#website\"},\"primaryImageOfPage\":{\"@id\":\"https:\/\/orangecounty.vote\/es\/vote\/#primaryimage\"},\"image\":{\"@id\":\"https:\/\/orangecounty.vote\/es\/vote\/#primaryimage\"},\"thumbnailUrl\":\"https:\/\/govoteoc.com\/wp-content\/uploads\/sites\/67\/2022\/09\/Ballot-with-Notes-1024x674.png\",\"datePublished\":\"2022-09-06T16:48:52+00:00\",\"dateModified\":\"2025-02-07T05:20:30+00:00\",\"breadcrumb\":{\"@id\":\"https:\/\/orangecounty.vote\/es\/vote\/#breadcrumb\"},\"inLanguage\":\"es\",\"potentialAction\":[{\"@type\":\"ReadAction\",\"target\":[\"https:\/\/orangecounty.vote\/es\/vote\/\"]}]},{\"@type\":\"ImageObject\",\"inLanguage\":\"es\",\"@id\":\"https:\/\/orangecounty.vote\/es\/vote\/#primaryimage\",\"url\":\"https:\/\/govoteoc.com\/wp-content\/uploads\/sites\/67\/2022\/09\/Ballot-with-Notes-1024x674.png\",\"contentUrl\":\"https:\/\/govoteoc.com\/wp-content\/uploads\/sites\/67\/2022\/09\/Ballot-with-Notes-1024x674.png\"},{\"@type\":\"BreadcrumbList\",\"@id\":\"https:\/\/orangecounty.vote\/es\/vote\/#breadcrumb\",\"itemListElement\":[{\"@type\":\"ListItem\",\"position\":1,\"name\":\"Home\",\"item\":\"https:\/\/orangecounty.vote\/es\/\"},{\"@type\":\"ListItem\",\"position\":2,\"name\":\"C\u00f3mo Votar y Registrarse\"}]},{\"@type\":\"WebSite\",\"@id\":\"https:\/\/orangecounty.vote\/#website\",\"url\":\"https:\/\/orangecounty.vote\/\",\"name\":\"OCPAC Voter Guide\",\"description\":\"\",\"publisher\":{\"@id\":\"https:\/\/orangecounty.vote\/#organization\"},\"potentialAction\":[{\"@type\":\"SearchAction\",\"target\":{\"@type\":\"EntryPoint\",\"urlTemplate\":\"https:\/\/orangecounty.vote\/?s={search_term_string}\"},\"query-input\":{\"@type\":\"PropertyValueSpecification\",\"valueRequired\":true,\"valueName\":\"search_term_string\"}}],\"inLanguage\":\"es\"},{\"@type\":[\"Organization\",\"Place\"],\"@id\":\"https:\/\/orangecounty.vote\/#organization\",\"name\":\"OCPAC Voter Guide\",\"url\":\"https:\/\/orangecounty.vote\/\",\"logo\":{\"@id\":\"https:\/\/orangecounty.vote\/es\/vote\/#local-main-organization-logo\"},\"image\":{\"@id\":\"https:\/\/orangecounty.vote\/es\/vote\/#local-main-organization-logo\"},\"telephone\":[],\"openingHoursSpecification\":[{\"@type\":\"OpeningHoursSpecification\",\"dayOfWeek\":[\"Monday\",\"Tuesday\",\"Wednesday\",\"Thursday\",\"Friday\",\"Saturday\",\"Sunday\"],\"opens\":\"09:00\",\"closes\":\"17:00\"}]},{\"@type\":\"ImageObject\",\"inLanguage\":\"es\",\"@id\":\"https:\/\/orangecounty.vote\/es\/vote\/#local-main-organization-logo\",\"url\":\"https:\/\/orangecounty.vote\/wp-content\/uploads\/sites\/6\/2024\/10\/VG-Banner.png\",\"contentUrl\":\"https:\/\/orangecounty.vote\/wp-content\/uploads\/sites\/6\/2024\/10\/VG-Banner.png\",\"width\":570,\"height\":100,\"caption\":\"OCPAC Voter Guide\"}]}<\/script>\n<!-- \/ Yoast SEO Premium plugin. -->","yoast_head_json":{"title":"C\u00f3mo Votar y Registrarse - OCPAC Voter Guide","robots":{"index":"index","follow":"follow","max-snippet":"max-snippet:-1","max-image-preview":"max-image-preview:large","max-video-preview":"max-video-preview:-1"},"canonical":"https:\/\/orangecounty.vote\/es\/vote\/","og_locale":"es_ES","og_type":"article","og_title":"C\u00f3mo Votar y Registrarse","og_description":"La informaci\u00f3n aqu\u00ed provista es espec\u00edfico al estado de California. Si alguien le refiri\u00f3 a este sitio web y usted no vive en California, visite el sitio web de la Secretar\u00eda de Estado de su estado! Las fechas l\u00edmites son espec\u00edficas a las Elecciones Generales de Noviembre de 2024. Para las elecciones a futuro (2026, [&hellip;]","og_url":"https:\/\/orangecounty.vote\/es\/vote\/","og_site_name":"OCPAC Voter Guide","article_modified_time":"2025-02-07T05:20:30+00:00","twitter_card":"summary_large_image","twitter_misc":{"Tiempo de lectura":"4 minutos"},"schema":{"@context":"https:\/\/schema.org","@graph":[{"@type":"WebPage","@id":"https:\/\/orangecounty.vote\/es\/vote\/","url":"https:\/\/orangecounty.vote\/es\/vote\/","name":"C\u00f3mo Votar y Registrarse - OCPAC Voter Guide","isPartOf":{"@id":"https:\/\/orangecounty.vote\/#website"},"primaryImageOfPage":{"@id":"https:\/\/orangecounty.vote\/es\/vote\/#primaryimage"},"image":{"@id":"https:\/\/orangecounty.vote\/es\/vote\/#primaryimage"},"thumbnailUrl":"https:\/\/govoteoc.com\/wp-content\/uploads\/sites\/67\/2022\/09\/Ballot-with-Notes-1024x674.png","datePublished":"2022-09-06T16:48:52+00:00","dateModified":"2025-02-07T05:20:30+00:00","breadcrumb":{"@id":"https:\/\/orangecounty.vote\/es\/vote\/#breadcrumb"},"inLanguage":"es","potentialAction":[{"@type":"ReadAction","target":["https:\/\/orangecounty.vote\/es\/vote\/"]}]},{"@type":"ImageObject","inLanguage":"es","@id":"https:\/\/orangecounty.vote\/es\/vote\/#primaryimage","url":"https:\/\/govoteoc.com\/wp-content\/uploads\/sites\/67\/2022\/09\/Ballot-with-Notes-1024x674.png","contentUrl":"https:\/\/govoteoc.com\/wp-content\/uploads\/sites\/67\/2022\/09\/Ballot-with-Notes-1024x674.png"},{"@type":"BreadcrumbList","@id":"https:\/\/orangecounty.vote\/es\/vote\/#breadcrumb","itemListElement":[{"@type":"ListItem","position":1,"name":"Home","item":"https:\/\/orangecounty.vote\/es\/"},{"@type":"ListItem","position":2,"name":"C\u00f3mo Votar y Registrarse"}]},{"@type":"WebSite","@id":"https:\/\/orangecounty.vote\/#website","url":"https:\/\/orangecounty.vote\/","name":"OCPAC Voter Guide","description":"","publisher":{"@id":"https:\/\/orangecounty.vote\/#organization"},"potentialAction":[{"@type":"SearchAction","target":{"@type":"EntryPoint","urlTemplate":"https:\/\/orangecounty.vote\/?s={search_term_string}"},"query-input":{"@type":"PropertyValueSpecification","valueRequired":true,"valueName":"search_term_string"}}],"inLanguage":"es"},{"@type":["Organization","Place"],"@id":"https:\/\/orangecounty.vote\/#organization","name":"OCPAC Voter Guide","url":"https:\/\/orangecounty.vote\/","logo":{"@id":"https:\/\/orangecounty.vote\/es\/vote\/#local-main-organization-logo"},"image":{"@id":"https:\/\/orangecounty.vote\/es\/vote\/#local-main-organization-logo"},"telephone":[],"openingHoursSpecification":[{"@type":"OpeningHoursSpecification","dayOfWeek":["Monday","Tuesday","Wednesday","Thursday","Friday","Saturday","Sunday"],"opens":"09:00","closes":"17:00"}]},{"@type":"ImageObject","inLanguage":"es","@id":"https:\/\/orangecounty.vote\/es\/vote\/#local-main-organization-logo","url":"https:\/\/orangecounty.vote\/wp-content\/uploads\/sites\/6\/2024\/10\/VG-Banner.png","contentUrl":"https:\/\/orangecounty.vote\/wp-content\/uploads\/sites\/6\/2024\/10\/VG-Banner.png","width":570,"height":100,"caption":"OCPAC Voter Guide"}]}},"_links":{"self":[{"href":"https:\/\/orangecounty.vote\/es\/wp-json\/wp\/v2\/pages\/330","targetHints":{"allow":["GET"]}}],"collection":[{"href":"https:\/\/orangecounty.vote\/es\/wp-json\/wp\/v2\/pages"}],"about":[{"href":"https:\/\/orangecounty.vote\/es\/wp-json\/wp\/v2\/types\/page"}],"author":[{"embeddable":true,"href":"https:\/\/orangecounty.vote\/es\/wp-json\/wp\/v2\/users\/1"}],"replies":[{"embeddable":true,"href":"https:\/\/orangecounty.vote\/es\/wp-json\/wp\/v2\/comments?post=330"}],"version-history":[{"count":1,"href":"https:\/\/orangecounty.vote\/es\/wp-json\/wp\/v2\/pages\/330\/revisions"}],"predecessor-version":[{"id":1203,"href":"https:\/\/orangecounty.vote\/es\/wp-json\/wp\/v2\/pages\/330\/revisions\/1203"}],"wp:attachment":[{"href":"https:\/\/orangecounty.vote\/es\/wp-json\/wp\/v2\/media?parent=330"}],"curies":[{"name":"wp","href":"https:\/\/api.w.org\/{rel}","templated":true}]}}