{"id":473,"date":"2022-09-08T08:47:21","date_gmt":"2022-09-08T15:47:21","guid":{"rendered":"https:\/\/orangecounty.vote\/values\/"},"modified":"2025-02-07T05:20:30","modified_gmt":"2025-02-07T05:20:30","slug":"values","status":"publish","type":"page","link":"https:\/\/orangecounty.vote\/es\/values\/","title":{"rendered":"Nuestros Valores"},"content":{"rendered":"\n<div class=\"wp-block-cover alignfull is-light\"><span aria-hidden=\"true\" class=\"wp-block-cover__background has-background-dim\"><\/span><img decoding=\"async\" class=\"wp-block-cover__image-background wp-image-337\" alt=\"\" src=\"https:\/\/ocaction.org\/wp-content\/uploads\/sites\/56\/2020\/08\/Ocean-waves-83437879-scaled.jpeg\" style=\"object-position:52% 20%\" data-object-fit=\"cover\" data-object-position=\"52% 20%\" \/><div class=\"wp-block-cover__inner-container is-layout-flow wp-block-cover-is-layout-flow\">\n<h4 class=\"alignwide has-white-color has-text-color wp-block-heading\"><a href=\"https:\/\/ocaction.org\/es\">OC Action<\/a> es una organizaci\u00f3n enfocada en crecer el poder pol\u00edtico progresivo de una alianza Asi\u00e1tica, Latinx, Sindical, y de Justicia Ambiental, trabajando juntos en el condado de Orange para desarrollar una pol\u00edtica progresiva.<\/h4>\n<\/div><\/div>\n\n\n\n<div class=\"wp-block-cover alignwide is-light\" style=\"min-height:100px;aspect-ratio:unset;\"><span aria-hidden=\"true\" class=\"wp-block-cover__background has-white-background-color has-background-dim-60 has-background-dim\"><\/span><div class=\"wp-block-cover__inner-container is-layout-flow wp-block-cover-is-layout-flow\">\n<div class=\"wp-block-columns alignwide are-vertically-aligned-top is-layout-flex wp-container-core-columns-is-layout-9d6595d7 wp-block-columns-is-layout-flex\">\n<div class=\"wp-block-column is-vertically-aligned-top is-layout-flow wp-block-column-is-layout-flow\" style=\"flex-basis:33.33%\">\n<p class=\"has-text-align-right has-x-large-font-size\"><strong>Democracia real<\/strong><\/p>\n<\/div>\n\n\n\n<div class=\"wp-block-column is-vertically-aligned-top is-layout-flow wp-block-column-is-layout-flow\" style=\"flex-basis:66.66%\">\n<p class=\"has-large-font-size\">Apoyamos un condado de Orange que proteja una democracia para toda la comunidad y aumentar el poder del voto de todos los miembros.<\/p>\n<\/div>\n<\/div>\n<\/div><\/div>\n\n\n\n<div class=\"wp-block-cover alignwide\"><span aria-hidden=\"true\" class=\"wp-block-cover__background has-subtle-background-background-color has-background-dim-100 has-background-dim\"><\/span><div class=\"wp-block-cover__inner-container is-layout-flow wp-block-cover-is-layout-flow\">\n<div class=\"wp-block-columns alignwide are-vertically-aligned-top is-layout-flex wp-container-core-columns-is-layout-9d6595d7 wp-block-columns-is-layout-flex\">\n<div class=\"wp-block-column is-vertically-aligned-top is-layout-flow wp-block-column-is-layout-flow\" style=\"flex-basis:33.33%\">\n<p class=\"has-text-align-right has-x-large-font-size\"><strong><strong>Transici\u00f3n justa<\/strong><\/strong><\/p>\n<\/div>\n\n\n\n<div class=\"wp-block-column is-vertically-aligned-top is-layout-flow wp-block-column-is-layout-flow\" style=\"flex-basis:66.66%\">\n<p class=\"has-large-font-size\">Apoyamos una transici\u00f3n de la econom\u00eda de combustibles f\u00f3siles a una econom\u00eda de energ\u00eda renovable de una manera que ponga primero a las familias trabajadoras. Las necesidades e historia de comunidades locales deben ser entendidas primero antes de aplicar una soluci\u00f3n general que alomejor no funcionara para algunas comunidades.<\/p>\n\n\n\n<p class=\"has-large-font-size\">Las corporaciones han estado contaminando nuestros vecindarios por demasiado tiempo. Debemos ponerle fin a este abuso, y una transici\u00f3n justa para dejar los combustibles f\u00f3siles es el primer paso.<\/p>\n<\/div>\n<\/div>\n<\/div><\/div>\n\n\n\n<div class=\"wp-block-cover alignwide is-light\" style=\"min-height:100px;aspect-ratio:unset;\"><span aria-hidden=\"true\" class=\"wp-block-cover__background has-white-background-color has-background-dim-60 has-background-dim\"><\/span><div class=\"wp-block-cover__inner-container is-layout-flow wp-block-cover-is-layout-flow\">\n<div class=\"wp-block-columns alignwide are-vertically-aligned-top is-layout-flex wp-container-core-columns-is-layout-9d6595d7 wp-block-columns-is-layout-flex\">\n<div class=\"wp-block-column is-vertically-aligned-top is-layout-flow wp-block-column-is-layout-flow\" style=\"flex-basis:33.33%\">\n<p class=\"has-text-align-right has-x-large-font-size\"><strong><strong>El derecho a viviendas asequibles<\/strong><\/strong><\/p>\n<\/div>\n\n\n\n<div class=\"wp-block-column is-vertically-aligned-top is-layout-flow wp-block-column-is-layout-flow\" style=\"flex-basis:66.66%\">\n<p class=\"has-large-font-size\">El derecho a la vivienda es un derecho humano; todos merecemos una vivienda decente y de bajos costos sin la amenaza del desalojo o encarcelamiento.<\/p>\n<\/div>\n<\/div>\n<\/div><\/div>\n\n\n\n<div class=\"wp-block-cover alignwide\"><span aria-hidden=\"true\" class=\"wp-block-cover__background has-subtle-background-background-color has-background-dim-100 has-background-dim\"><\/span><div class=\"wp-block-cover__inner-container is-layout-flow wp-block-cover-is-layout-flow\">\n<div class=\"wp-block-columns alignwide are-vertically-aligned-top is-layout-flex wp-container-core-columns-is-layout-9d6595d7 wp-block-columns-is-layout-flex\">\n<div class=\"wp-block-column is-vertically-aligned-top is-layout-flow wp-block-column-is-layout-flow\" style=\"flex-basis:33.33%\">\n<p class=\"has-text-align-right has-x-large-font-size\"><strong><strong><strong>Transformaci\u00f3n de la educaci\u00f3n p\u00fablica<\/strong><\/strong><\/strong><\/p>\n<\/div>\n\n\n\n<div class=\"wp-block-column is-vertically-aligned-top is-layout-flow wp-block-column-is-layout-flow\" style=\"flex-basis:66.66%\">\n<p class=\"has-large-font-size\">La educaci\u00f3n p\u00fablica debe estar arraigada en la liberaci\u00f3n del pueblo. Apoyamos deshacer el sistema estructural que causa que los estudiantes terminen frecuentemente en las c\u00e1rceles \u2013 debemos reemplazar medidas punitivas con una pr\u00e1ctica enfocada en transformando el individuo. <\/p>\n\n\n\n<p class=\"has-large-font-size\">Debemos aumentar el presupuesto de escuelas p\u00fablicas en una magnitud exponencial, y as\u00ed asegur\u00e1ndonos que todo estudiante pueda alcanzar su pleno potencial.<\/p>\n<\/div>\n<\/div>\n<\/div><\/div>\n\n\n\n<div class=\"wp-block-cover alignwide is-light\" style=\"min-height:100px;aspect-ratio:unset;\"><span aria-hidden=\"true\" class=\"wp-block-cover__background has-white-background-color has-background-dim-60 has-background-dim\"><\/span><div class=\"wp-block-cover__inner-container is-layout-flow wp-block-cover-is-layout-flow\">\n<div class=\"wp-block-columns alignwide are-vertically-aligned-top is-layout-flex wp-container-core-columns-is-layout-9d6595d7 wp-block-columns-is-layout-flex\">\n<div class=\"wp-block-column is-vertically-aligned-top is-layout-flow wp-block-column-is-layout-flow\" style=\"flex-basis:33.33%\">\n<p class=\"has-text-align-right has-x-large-font-size\"><strong><strong><strong>Justicia inmigrante<\/strong><\/strong><\/strong><\/p>\n<\/div>\n\n\n\n<div class=\"wp-block-column is-vertically-aligned-top is-layout-flow wp-block-column-is-layout-flow\" style=\"flex-basis:66.66%\">\n<p class=\"has-large-font-size\">El condado de Orange necesita ser un modelo regional para las comunidades que busquen apoyar a los inmigrantes para lograr \u00e9xito \u2013 incluyendo eliminar los peligros de criminalizaci\u00f3n y deportaci\u00f3n de nuestras comunidades.<\/p>\n<\/div>\n<\/div>\n<\/div><\/div>\n\n\n\n<div class=\"wp-block-cover alignwide\"><span aria-hidden=\"true\" class=\"wp-block-cover__background has-subtle-background-background-color has-background-dim-100 has-background-dim\"><\/span><div class=\"wp-block-cover__inner-container is-layout-flow wp-block-cover-is-layout-flow\">\n<div class=\"wp-block-columns alignwide are-vertically-aligned-top is-layout-flex wp-container-core-columns-is-layout-9d6595d7 wp-block-columns-is-layout-flex\">\n<div class=\"wp-block-column is-vertically-aligned-top is-layout-flow wp-block-column-is-layout-flow\" style=\"flex-basis:33.33%\">\n<p class=\"has-text-align-right has-x-large-font-size\"><strong><strong><strong><strong>Vidas sanas y exitosas<\/strong><\/strong><\/strong><\/strong><\/p>\n<\/div>\n\n\n\n<div class=\"wp-block-column is-vertically-aligned-top is-layout-flow wp-block-column-is-layout-flow\" style=\"flex-basis:66.66%\">\n<p class=\"has-large-font-size\">La salud es un derecho humano y un bien p\u00fablico. El sistema de cuidado de salud debe tocar tanto la desigualdad sist\u00e9mica de la salud individual como la salud mental de aquellos que sobreviven el trauma y la opresi\u00f3n.<\/p>\n<\/div>\n<\/div>\n<\/div><\/div>\n\n\n\n<div class=\"wp-block-cover alignwide is-light\" style=\"min-height:120px;aspect-ratio:unset;\"><span aria-hidden=\"true\" class=\"wp-block-cover__background has-white-background-color has-background-dim-100 has-background-dim\"><\/span><div class=\"wp-block-cover__inner-container is-layout-flow wp-block-cover-is-layout-flow\">\n<h5 class=\"wp-block-heading alignwide has-text-align-center\"><span style=\"text-decoration: underline\">Pagado por Orange County PAC (FEC ID#C00754192)<br>Patrocinado por OC Action (<a href=\"https:\/\/ocpac.vote\">www.ocpac.vote<\/a>)<br>Financiamiento Principal de Comit\u00e9:<\/span><br>OC Action<br>BATTLEGROUND CALIFORNIA<br>Chispa PAC, Sponsored by Chispa, a project of Tides Advocacy<br><span style=\"text-decoration: underline\">No autorizado por ning\u00fan candidato ni comit\u00e9 controlado por un candidato.<\/span><\/h5>\n<\/div><\/div>\n","protected":false},"excerpt":{"rendered":"","protected":false},"author":1,"featured_media":0,"parent":0,"menu_order":0,"comment_status":"closed","ping_status":"closed","template":"","meta":{"footnotes":""},"class_list":["post-473","page","type-page","status-publish","hentry"],"yoast_head":"<!-- This site is optimized with the Yoast SEO Premium plugin v25.6 (Yoast SEO v25.6) - https:\/\/yoast.com\/wordpress\/plugins\/seo\/ -->\n<title>Nuestros Valores - OCPAC Voter Guide<\/title>\n<meta name=\"robots\" content=\"index, follow, max-snippet:-1, max-image-preview:large, max-video-preview:-1\" \/>\n<link rel=\"canonical\" href=\"https:\/\/orangecounty.vote\/es\/values\/\" \/>\n<meta property=\"og:locale\" content=\"es_ES\" \/>\n<meta property=\"og:type\" content=\"article\" \/>\n<meta property=\"og:title\" content=\"Nuestros Valores\" \/>\n<meta property=\"og:url\" content=\"https:\/\/orangecounty.vote\/es\/values\/\" \/>\n<meta property=\"og:site_name\" content=\"OCPAC Voter Guide\" \/>\n<meta property=\"article:modified_time\" content=\"2025-02-07T05:20:30+00:00\" \/>\n<meta name=\"twitter:card\" content=\"summary_large_image\" \/>\n<meta name=\"twitter:label1\" content=\"Tiempo de lectura\" \/>\n\t<meta name=\"twitter:data1\" content=\"2 minutos\" \/>\n<script type=\"application\/ld+json\" class=\"yoast-schema-graph\">{\"@context\":\"https:\/\/schema.org\",\"@graph\":[{\"@type\":\"WebPage\",\"@id\":\"https:\/\/orangecounty.vote\/es\/values\/\",\"url\":\"https:\/\/orangecounty.vote\/es\/values\/\",\"name\":\"Nuestros Valores - OCPAC Voter Guide\",\"isPartOf\":{\"@id\":\"https:\/\/orangecounty.vote\/#website\"},\"primaryImageOfPage\":{\"@id\":\"https:\/\/orangecounty.vote\/es\/values\/#primaryimage\"},\"image\":{\"@id\":\"https:\/\/orangecounty.vote\/es\/values\/#primaryimage\"},\"thumbnailUrl\":\"https:\/\/ocaction.org\/wp-content\/uploads\/sites\/56\/2020\/08\/Ocean-waves-83437879-scaled.jpeg\",\"datePublished\":\"2022-09-08T15:47:21+00:00\",\"dateModified\":\"2025-02-07T05:20:30+00:00\",\"breadcrumb\":{\"@id\":\"https:\/\/orangecounty.vote\/es\/values\/#breadcrumb\"},\"inLanguage\":\"es\",\"potentialAction\":[{\"@type\":\"ReadAction\",\"target\":[\"https:\/\/orangecounty.vote\/es\/values\/\"]}]},{\"@type\":\"ImageObject\",\"inLanguage\":\"es\",\"@id\":\"https:\/\/orangecounty.vote\/es\/values\/#primaryimage\",\"url\":\"https:\/\/ocaction.org\/wp-content\/uploads\/sites\/56\/2020\/08\/Ocean-waves-83437879-scaled.jpeg\",\"contentUrl\":\"https:\/\/ocaction.org\/wp-content\/uploads\/sites\/56\/2020\/08\/Ocean-waves-83437879-scaled.jpeg\"},{\"@type\":\"BreadcrumbList\",\"@id\":\"https:\/\/orangecounty.vote\/es\/values\/#breadcrumb\",\"itemListElement\":[{\"@type\":\"ListItem\",\"position\":1,\"name\":\"Home\",\"item\":\"https:\/\/orangecounty.vote\/es\/\"},{\"@type\":\"ListItem\",\"position\":2,\"name\":\"Nuestros Valores\"}]},{\"@type\":\"WebSite\",\"@id\":\"https:\/\/orangecounty.vote\/#website\",\"url\":\"https:\/\/orangecounty.vote\/\",\"name\":\"OCPAC Voter Guide\",\"description\":\"\",\"publisher\":{\"@id\":\"https:\/\/orangecounty.vote\/#organization\"},\"potentialAction\":[{\"@type\":\"SearchAction\",\"target\":{\"@type\":\"EntryPoint\",\"urlTemplate\":\"https:\/\/orangecounty.vote\/?s={search_term_string}\"},\"query-input\":{\"@type\":\"PropertyValueSpecification\",\"valueRequired\":true,\"valueName\":\"search_term_string\"}}],\"inLanguage\":\"es\"},{\"@type\":[\"Organization\",\"Place\"],\"@id\":\"https:\/\/orangecounty.vote\/#organization\",\"name\":\"OCPAC Voter Guide\",\"url\":\"https:\/\/orangecounty.vote\/\",\"logo\":{\"@id\":\"https:\/\/orangecounty.vote\/es\/values\/#local-main-organization-logo\"},\"image\":{\"@id\":\"https:\/\/orangecounty.vote\/es\/values\/#local-main-organization-logo\"},\"telephone\":[],\"openingHoursSpecification\":[{\"@type\":\"OpeningHoursSpecification\",\"dayOfWeek\":[\"Monday\",\"Tuesday\",\"Wednesday\",\"Thursday\",\"Friday\",\"Saturday\",\"Sunday\"],\"opens\":\"09:00\",\"closes\":\"17:00\"}]},{\"@type\":\"ImageObject\",\"inLanguage\":\"es\",\"@id\":\"https:\/\/orangecounty.vote\/es\/values\/#local-main-organization-logo\",\"url\":\"https:\/\/orangecounty.vote\/wp-content\/uploads\/sites\/6\/2024\/10\/VG-Banner.png\",\"contentUrl\":\"https:\/\/orangecounty.vote\/wp-content\/uploads\/sites\/6\/2024\/10\/VG-Banner.png\",\"width\":570,\"height\":100,\"caption\":\"OCPAC Voter Guide\"}]}<\/script>\n<!-- \/ Yoast SEO Premium plugin. -->","yoast_head_json":{"title":"Nuestros Valores - OCPAC Voter Guide","robots":{"index":"index","follow":"follow","max-snippet":"max-snippet:-1","max-image-preview":"max-image-preview:large","max-video-preview":"max-video-preview:-1"},"canonical":"https:\/\/orangecounty.vote\/es\/values\/","og_locale":"es_ES","og_type":"article","og_title":"Nuestros Valores","og_url":"https:\/\/orangecounty.vote\/es\/values\/","og_site_name":"OCPAC Voter Guide","article_modified_time":"2025-02-07T05:20:30+00:00","twitter_card":"summary_large_image","twitter_misc":{"Tiempo de lectura":"2 minutos"},"schema":{"@context":"https:\/\/schema.org","@graph":[{"@type":"WebPage","@id":"https:\/\/orangecounty.vote\/es\/values\/","url":"https:\/\/orangecounty.vote\/es\/values\/","name":"Nuestros Valores - OCPAC Voter Guide","isPartOf":{"@id":"https:\/\/orangecounty.vote\/#website"},"primaryImageOfPage":{"@id":"https:\/\/orangecounty.vote\/es\/values\/#primaryimage"},"image":{"@id":"https:\/\/orangecounty.vote\/es\/values\/#primaryimage"},"thumbnailUrl":"https:\/\/ocaction.org\/wp-content\/uploads\/sites\/56\/2020\/08\/Ocean-waves-83437879-scaled.jpeg","datePublished":"2022-09-08T15:47:21+00:00","dateModified":"2025-02-07T05:20:30+00:00","breadcrumb":{"@id":"https:\/\/orangecounty.vote\/es\/values\/#breadcrumb"},"inLanguage":"es","potentialAction":[{"@type":"ReadAction","target":["https:\/\/orangecounty.vote\/es\/values\/"]}]},{"@type":"ImageObject","inLanguage":"es","@id":"https:\/\/orangecounty.vote\/es\/values\/#primaryimage","url":"https:\/\/ocaction.org\/wp-content\/uploads\/sites\/56\/2020\/08\/Ocean-waves-83437879-scaled.jpeg","contentUrl":"https:\/\/ocaction.org\/wp-content\/uploads\/sites\/56\/2020\/08\/Ocean-waves-83437879-scaled.jpeg"},{"@type":"BreadcrumbList","@id":"https:\/\/orangecounty.vote\/es\/values\/#breadcrumb","itemListElement":[{"@type":"ListItem","position":1,"name":"Home","item":"https:\/\/orangecounty.vote\/es\/"},{"@type":"ListItem","position":2,"name":"Nuestros Valores"}]},{"@type":"WebSite","@id":"https:\/\/orangecounty.vote\/#website","url":"https:\/\/orangecounty.vote\/","name":"OCPAC Voter Guide","description":"","publisher":{"@id":"https:\/\/orangecounty.vote\/#organization"},"potentialAction":[{"@type":"SearchAction","target":{"@type":"EntryPoint","urlTemplate":"https:\/\/orangecounty.vote\/?s={search_term_string}"},"query-input":{"@type":"PropertyValueSpecification","valueRequired":true,"valueName":"search_term_string"}}],"inLanguage":"es"},{"@type":["Organization","Place"],"@id":"https:\/\/orangecounty.vote\/#organization","name":"OCPAC Voter Guide","url":"https:\/\/orangecounty.vote\/","logo":{"@id":"https:\/\/orangecounty.vote\/es\/values\/#local-main-organization-logo"},"image":{"@id":"https:\/\/orangecounty.vote\/es\/values\/#local-main-organization-logo"},"telephone":[],"openingHoursSpecification":[{"@type":"OpeningHoursSpecification","dayOfWeek":["Monday","Tuesday","Wednesday","Thursday","Friday","Saturday","Sunday"],"opens":"09:00","closes":"17:00"}]},{"@type":"ImageObject","inLanguage":"es","@id":"https:\/\/orangecounty.vote\/es\/values\/#local-main-organization-logo","url":"https:\/\/orangecounty.vote\/wp-content\/uploads\/sites\/6\/2024\/10\/VG-Banner.png","contentUrl":"https:\/\/orangecounty.vote\/wp-content\/uploads\/sites\/6\/2024\/10\/VG-Banner.png","width":570,"height":100,"caption":"OCPAC Voter Guide"}]}},"_links":{"self":[{"href":"https:\/\/orangecounty.vote\/es\/wp-json\/wp\/v2\/pages\/473","targetHints":{"allow":["GET"]}}],"collection":[{"href":"https:\/\/orangecounty.vote\/es\/wp-json\/wp\/v2\/pages"}],"about":[{"href":"https:\/\/orangecounty.vote\/es\/wp-json\/wp\/v2\/types\/page"}],"author":[{"embeddable":true,"href":"https:\/\/orangecounty.vote\/es\/wp-json\/wp\/v2\/users\/1"}],"replies":[{"embeddable":true,"href":"https:\/\/orangecounty.vote\/es\/wp-json\/wp\/v2\/comments?post=473"}],"version-history":[{"count":1,"href":"https:\/\/orangecounty.vote\/es\/wp-json\/wp\/v2\/pages\/473\/revisions"}],"predecessor-version":[{"id":1209,"href":"https:\/\/orangecounty.vote\/es\/wp-json\/wp\/v2\/pages\/473\/revisions\/1209"}],"wp:attachment":[{"href":"https:\/\/orangecounty.vote\/es\/wp-json\/wp\/v2\/media?parent=473"}],"curies":[{"name":"wp","href":"https:\/\/api.w.org\/{rel}","templated":true}]}}