{"id":549,"date":"2022-10-18T09:14:42","date_gmt":"2022-10-18T16:14:42","guid":{"rendered":"https:\/\/orangecounty.vote\/c2022\/sarmiento\/"},"modified":"2025-02-07T05:20:31","modified_gmt":"2025-02-07T05:20:31","slug":"sarmiento","status":"publish","type":"page","link":"https:\/\/orangecounty.vote\/es\/c2022\/sarmiento\/","title":{"rendered":"Vicente Sarmiento a la Mesa de Supervisores, Distrito 2"},"content":{"rendered":"\n<div class=\"wp-block-cover alignwide is-light is-position-center-center\"><span aria-hidden=\"true\" class=\"wp-block-cover__background has-white-background-color has-background-dim-80 has-background-dim\"><\/span><a href=\"https:\/\/orangecounty.vote\/es\/c2022\/sarmiento\/\" title=\"Vicente Sarmiento a la Mesa de Supervisores, Distrito 2\"><\/a><div class=\"wp-block-cover__inner-container is-layout-flow wp-block-cover-is-layout-flow\">\n<h2 class=\"alignwide has-text-align-left wp-block-heading\" id=\"sarmiento\">Votemos por Vicente Sarmiento<\/h2>\n\n\n\n<h6 class=\"alignwide wp-block-heading\">para la Mesa de Supervisores, Distrito 2<\/h6>\n\n\n\n<div class=\"wp-block-columns alignwide is-layout-flex wp-container-core-columns-is-layout-9d6595d7 wp-block-columns-is-layout-flex\">\n<div class=\"wp-block-column is-vertically-aligned-top is-layout-flow wp-block-column-is-layout-flow\">\n<figure class=\"wp-block-image size-large is-style-rounded\" style=\"border-radius:0px\"><img decoding=\"async\" src=\"https:\/\/orangecounty.vote\/wp-content\/uploads\/sites\/68\/2022\/09\/BOS2-Sarmiento-Facebook-1-1-1024x1024.jpg\" alt=\"\" class=\"wp-image-76\" \/><\/figure>\n<\/div>\n\n\n\n<div class=\"wp-block-column is-layout-flow wp-block-column-is-layout-flow\">\n<p>Vicente Sarmiento es el alcalde de Santa Ana. Impuls\u00f3 un aumento de viviendas asequibles, protecciones para inquilinos, y protecci\u00f3n de inmigrantes indocumentados a trav\u00e9s de un fondo de defensa legal.<\/p>\n\n\n\n<p>Tambi\u00e9n es un abogado en leyes de bancarrota y organizaciones locales, y previamente Concejal de Santa Ana.  Es hijo de inmigrantes Bolivianos.<\/p>\n\n\n\n<h4 class=\"wp-block-heading\">Prioridades<\/h4>\n\n\n\n<ul class=\"wp-block-list\"><li>ayudar a las personas desalojadas a encontrar alojamiento, y recibir servicios de salud y rehabilitaci\u00f3n<\/li><li>mejorar servicios de salud y bienestar en comunidades hist\u00f3ricamente ignoradas<\/li><li>abrir la comunicaci\u00f3n, transparencia y responsabilidad<\/li><\/ul>\n<\/div>\n\n\n\n<div class=\"wp-block-column is-vertically-aligned-top is-layout-flow wp-block-column-is-layout-flow\">\n<h4 class=\"wp-block-heading\">Respaldantes<\/h4>\n\n\n\n<ul class=\"wp-block-list\" id=\"block-478b7314-8ffd-4f41-af26-7f71bbec50ef\"><li>Katrina Foley, Supervisor del Condado de Orange, Distrito 2<\/li><li>Uni\u00f3n de Trajadores de Supermercados (UFCW) Local 324<\/li><li>Planned Parenthood Community Action del condado de Orange y San Bernardino<\/li><\/ul>\n\n\n\n<div class=\"wp-block-buttons is-layout-flex wp-block-buttons-is-layout-flex\">\n<div class=\"wp-block-button is-style-fill\"><a class=\"wp-block-button__link has-text-color\" href=\"https:\/\/www.sarmientoforsupervisor.com\/endorsements\" style=\"border-radius:10px;color:#fefefe\">Lista Completa<\/a><\/div>\n<\/div>\n<\/div>\n<\/div>\n<\/div><\/div>\n\n\n\n<div class=\"wp-block-buttons alignwide is-content-justification-center is-layout-flex wp-container-core-buttons-is-layout-16018d1d wp-block-buttons-is-layout-flex\">\n<div class=\"wp-block-button\"><a class=\"wp-block-button__link\" href=\"https:\/\/ocvote.maps.arcgis.com\/apps\/webappviewer\/index.html?id=2f8a5a327bc641328db2ceafeadb93d7\">D\u00f3nde votar<\/a><\/div>\n\n\n\n<div class=\"wp-block-button\"><a class=\"wp-block-button__link\" href=\"https:\/\/ocvote.gov\/vlt\/es.html?lang=es\">\u00bfD\u00f3nde Est\u00e1 mi boleta?<\/a><\/div>\n\n\n\n<div class=\"wp-block-button\"><a class=\"wp-block-button__link\" href=\"https:\/\/orangecounty.vote\/es\/vote\/\">C\u00f3mo votar<\/a><\/div>\n<\/div>\n\n\n\n<div class=\"wp-block-cover alignwide is-light is-position-center-center\"><span aria-hidden=\"true\" class=\"wp-block-cover__background has-white-background-color has-background-dim-80 has-background-dim\"><\/span><a href=\"https:\/\/orangecounty.vote\/es\/c2022\/sarmiento\/\" title=\"Vicente Sarmiento a la Mesa de Supervisores, Distrito 2\"><\/a><div class=\"wp-block-cover__inner-container is-layout-flow wp-block-cover-is-layout-flow\">\n<h2 class=\"alignwide has-text-align-left wp-block-heading\" id=\"bos\">\u00bfQu\u00e9 hace la Mesa de Supervisores del Condado de Orange?<\/h2>\n\n\n\n<div class=\"wp-block-media-text alignwide has-media-on-the-right is-stacked-on-mobile is-vertically-aligned-center is-image-fill\" style=\"grid-template-columns:auto 33%\"><figure class=\"wp-block-media-text__media\" style=\"background-image:url(https:\/\/orangecounty.vote\/wp-content\/uploads\/sites\/68\/2022\/09\/OC-BOS-2021-1024x596.jpg);background-position:38% 27%\"><img decoding=\"async\" src=\"https:\/\/orangecounty.vote\/wp-content\/uploads\/sites\/68\/2022\/09\/OC-BOS-2021-1024x596.jpg\" alt=\"\" class=\"wp-image-59 size-full\" \/><\/figure><div class=\"wp-block-media-text__content\">\n<p>La Mesa de Supervisores del Condado de Orange maneja el gobierno a nivel de condado. Los servicios del condado incluyen la salud p\u00fablica, servicios de orfanato, entrenamiento laboral, y administraci\u00f3n de programas sociales como el Medi-Cal o CalFresh (EBT). El condado maneja un presupuesto de $8 billones para administrar estos servicios.<\/p>\n\n\n\n<p>Por ejemplo, el compromiso de un Supervisor a la salud mental puede significar la diferencia entre un programa p\u00fablico de salud mental sin los fondos suficientes ni el personal que tome meses para asignarle un trabajador, o un programa que pueda satisfacer las necesidades de la comunidad.<\/p>\n\n\n\n<p>Los Supervisores de los <a href=\"https:\/\/ocvote.gov\/elections\/2022-general-election-0\">Distritos 2, 4 y 5<\/a> tendr\u00e1n elecciones en el 2022.<\/p>\n<\/div><\/div>\n<\/div><\/div>\n\n\n\n<div class=\"wp-block-cover alignwide is-light\" style=\"min-height:120px;aspect-ratio:unset;\"><span aria-hidden=\"true\" class=\"wp-block-cover__background has-white-background-color has-background-dim-100 has-background-dim\"><\/span><div class=\"wp-block-cover__inner-container is-layout-flow wp-block-cover-is-layout-flow\">\n<h5 class=\"wp-block-heading alignwide has-text-align-center\"><span style=\"text-decoration: underline\">Pagado por Orange County PAC (FEC ID#C00754192)<br>Patrocinado por OC Action (<a href=\"https:\/\/ocpac.vote\">www.ocpac.vote<\/a>)<br>Financiamiento Principal de Comit\u00e9:<\/span><br>OC Action<br>BATTLEGROUND CALIFORNIA<br>Chispa PAC, Sponsored by Chispa, a project of Tides Advocacy<br><span style=\"text-decoration: underline\">No autorizado por ning\u00fan candidato ni comit\u00e9 controlado por un candidato.<\/span><\/h5>\n<\/div><\/div>\n","protected":false},"excerpt":{"rendered":"","protected":false},"author":1,"featured_media":0,"parent":274,"menu_order":0,"comment_status":"closed","ping_status":"closed","template":"","meta":{"footnotes":""},"class_list":["post-549","page","type-page","status-publish","hentry"],"yoast_head":"<!-- This site is optimized with the Yoast SEO Premium plugin v25.6 (Yoast SEO v25.6) - https:\/\/yoast.com\/wordpress\/plugins\/seo\/ -->\n<title>Vicente Sarmiento a la Mesa de Supervisores, Distrito 2 - OCPAC Voter Guide<\/title>\n<meta name=\"robots\" content=\"index, follow, max-snippet:-1, max-image-preview:large, max-video-preview:-1\" \/>\n<link rel=\"canonical\" href=\"https:\/\/orangecounty.vote\/es\/c2022\/sarmiento\/\" \/>\n<meta property=\"og:locale\" content=\"es_ES\" \/>\n<meta property=\"og:type\" content=\"article\" \/>\n<meta property=\"og:title\" content=\"Vicente Sarmiento a la Mesa de Supervisores, Distrito 2\" \/>\n<meta property=\"og:url\" content=\"https:\/\/orangecounty.vote\/es\/c2022\/sarmiento\/\" \/>\n<meta property=\"og:site_name\" content=\"OCPAC Voter Guide\" \/>\n<meta property=\"article:modified_time\" content=\"2025-02-07T05:20:31+00:00\" \/>\n<meta property=\"og:image\" content=\"https:\/\/orangecounty.vote\/wp-content\/uploads\/sites\/6\/2022\/09\/BOS2-Sarmiento-Facebook-1-1-scaled-1.jpg\" \/>\n\t<meta property=\"og:image:width\" content=\"2560\" \/>\n\t<meta property=\"og:image:height\" content=\"2560\" \/>\n\t<meta property=\"og:image:type\" content=\"image\/jpeg\" \/>\n<meta name=\"twitter:card\" content=\"summary_large_image\" \/>\n<meta name=\"twitter:label1\" content=\"Tiempo de lectura\" \/>\n\t<meta name=\"twitter:data1\" content=\"1 minuto\" \/>\n<script type=\"application\/ld+json\" class=\"yoast-schema-graph\">{\"@context\":\"https:\/\/schema.org\",\"@graph\":[{\"@type\":\"WebPage\",\"@id\":\"https:\/\/orangecounty.vote\/es\/c2022\/sarmiento\/\",\"url\":\"https:\/\/orangecounty.vote\/es\/c2022\/sarmiento\/\",\"name\":\"Vicente Sarmiento a la Mesa de Supervisores, Distrito 2 - OCPAC Voter Guide\",\"isPartOf\":{\"@id\":\"https:\/\/orangecounty.vote\/#website\"},\"primaryImageOfPage\":{\"@id\":\"https:\/\/orangecounty.vote\/es\/c2022\/sarmiento\/#primaryimage\"},\"image\":{\"@id\":\"https:\/\/orangecounty.vote\/es\/c2022\/sarmiento\/#primaryimage\"},\"thumbnailUrl\":\"https:\/\/orangecounty.vote\/wp-content\/uploads\/sites\/68\/2022\/09\/BOS2-Sarmiento-Facebook-1-1-1024x1024.jpg\",\"datePublished\":\"2022-10-18T16:14:42+00:00\",\"dateModified\":\"2025-02-07T05:20:31+00:00\",\"breadcrumb\":{\"@id\":\"https:\/\/orangecounty.vote\/es\/c2022\/sarmiento\/#breadcrumb\"},\"inLanguage\":\"es\",\"potentialAction\":[{\"@type\":\"ReadAction\",\"target\":[\"https:\/\/orangecounty.vote\/es\/c2022\/sarmiento\/\"]}]},{\"@type\":\"ImageObject\",\"inLanguage\":\"es\",\"@id\":\"https:\/\/orangecounty.vote\/es\/c2022\/sarmiento\/#primaryimage\",\"url\":\"https:\/\/orangecounty.vote\/wp-content\/uploads\/sites\/68\/2022\/09\/BOS2-Sarmiento-Facebook-1-1-1024x1024.jpg\",\"contentUrl\":\"https:\/\/orangecounty.vote\/wp-content\/uploads\/sites\/68\/2022\/09\/BOS2-Sarmiento-Facebook-1-1-1024x1024.jpg\"},{\"@type\":\"BreadcrumbList\",\"@id\":\"https:\/\/orangecounty.vote\/es\/c2022\/sarmiento\/#breadcrumb\",\"itemListElement\":[{\"@type\":\"ListItem\",\"position\":1,\"name\":\"Home\",\"item\":\"https:\/\/orangecounty.vote\/es\/\"},{\"@type\":\"ListItem\",\"position\":2,\"name\":\"2022 Endorsements Spanish\",\"item\":\"https:\/\/orangecounty.vote\/es\/c2022\/\"},{\"@type\":\"ListItem\",\"position\":3,\"name\":\"Vicente Sarmiento a la Mesa de Supervisores, Distrito 2\"}]},{\"@type\":\"WebSite\",\"@id\":\"https:\/\/orangecounty.vote\/#website\",\"url\":\"https:\/\/orangecounty.vote\/\",\"name\":\"OCPAC Voter Guide\",\"description\":\"\",\"publisher\":{\"@id\":\"https:\/\/orangecounty.vote\/#organization\"},\"potentialAction\":[{\"@type\":\"SearchAction\",\"target\":{\"@type\":\"EntryPoint\",\"urlTemplate\":\"https:\/\/orangecounty.vote\/?s={search_term_string}\"},\"query-input\":{\"@type\":\"PropertyValueSpecification\",\"valueRequired\":true,\"valueName\":\"search_term_string\"}}],\"inLanguage\":\"es\"},{\"@type\":[\"Organization\",\"Place\"],\"@id\":\"https:\/\/orangecounty.vote\/#organization\",\"name\":\"OCPAC Voter Guide\",\"url\":\"https:\/\/orangecounty.vote\/\",\"logo\":{\"@id\":\"https:\/\/orangecounty.vote\/es\/c2022\/sarmiento\/#local-main-organization-logo\"},\"image\":{\"@id\":\"https:\/\/orangecounty.vote\/es\/c2022\/sarmiento\/#local-main-organization-logo\"},\"telephone\":[],\"openingHoursSpecification\":[{\"@type\":\"OpeningHoursSpecification\",\"dayOfWeek\":[\"Monday\",\"Tuesday\",\"Wednesday\",\"Thursday\",\"Friday\",\"Saturday\",\"Sunday\"],\"opens\":\"09:00\",\"closes\":\"17:00\"}]},{\"@type\":\"ImageObject\",\"inLanguage\":\"es\",\"@id\":\"https:\/\/orangecounty.vote\/es\/c2022\/sarmiento\/#local-main-organization-logo\",\"url\":\"https:\/\/orangecounty.vote\/wp-content\/uploads\/sites\/6\/2024\/10\/VG-Banner.png\",\"contentUrl\":\"https:\/\/orangecounty.vote\/wp-content\/uploads\/sites\/6\/2024\/10\/VG-Banner.png\",\"width\":570,\"height\":100,\"caption\":\"OCPAC Voter Guide\"}]}<\/script>\n<!-- \/ Yoast SEO Premium plugin. -->","yoast_head_json":{"title":"Vicente Sarmiento a la Mesa de Supervisores, Distrito 2 - OCPAC Voter Guide","robots":{"index":"index","follow":"follow","max-snippet":"max-snippet:-1","max-image-preview":"max-image-preview:large","max-video-preview":"max-video-preview:-1"},"canonical":"https:\/\/orangecounty.vote\/es\/c2022\/sarmiento\/","og_locale":"es_ES","og_type":"article","og_title":"Vicente Sarmiento a la Mesa de Supervisores, Distrito 2","og_url":"https:\/\/orangecounty.vote\/es\/c2022\/sarmiento\/","og_site_name":"OCPAC Voter Guide","article_modified_time":"2025-02-07T05:20:31+00:00","og_image":[{"width":2560,"height":2560,"url":"https:\/\/orangecounty.vote\/wp-content\/uploads\/sites\/6\/2022\/09\/BOS2-Sarmiento-Facebook-1-1-scaled-1.jpg","type":"image\/jpeg"}],"twitter_card":"summary_large_image","twitter_misc":{"Tiempo de lectura":"1 minuto"},"schema":{"@context":"https:\/\/schema.org","@graph":[{"@type":"WebPage","@id":"https:\/\/orangecounty.vote\/es\/c2022\/sarmiento\/","url":"https:\/\/orangecounty.vote\/es\/c2022\/sarmiento\/","name":"Vicente Sarmiento a la Mesa de Supervisores, Distrito 2 - OCPAC Voter Guide","isPartOf":{"@id":"https:\/\/orangecounty.vote\/#website"},"primaryImageOfPage":{"@id":"https:\/\/orangecounty.vote\/es\/c2022\/sarmiento\/#primaryimage"},"image":{"@id":"https:\/\/orangecounty.vote\/es\/c2022\/sarmiento\/#primaryimage"},"thumbnailUrl":"https:\/\/orangecounty.vote\/wp-content\/uploads\/sites\/68\/2022\/09\/BOS2-Sarmiento-Facebook-1-1-1024x1024.jpg","datePublished":"2022-10-18T16:14:42+00:00","dateModified":"2025-02-07T05:20:31+00:00","breadcrumb":{"@id":"https:\/\/orangecounty.vote\/es\/c2022\/sarmiento\/#breadcrumb"},"inLanguage":"es","potentialAction":[{"@type":"ReadAction","target":["https:\/\/orangecounty.vote\/es\/c2022\/sarmiento\/"]}]},{"@type":"ImageObject","inLanguage":"es","@id":"https:\/\/orangecounty.vote\/es\/c2022\/sarmiento\/#primaryimage","url":"https:\/\/orangecounty.vote\/wp-content\/uploads\/sites\/68\/2022\/09\/BOS2-Sarmiento-Facebook-1-1-1024x1024.jpg","contentUrl":"https:\/\/orangecounty.vote\/wp-content\/uploads\/sites\/68\/2022\/09\/BOS2-Sarmiento-Facebook-1-1-1024x1024.jpg"},{"@type":"BreadcrumbList","@id":"https:\/\/orangecounty.vote\/es\/c2022\/sarmiento\/#breadcrumb","itemListElement":[{"@type":"ListItem","position":1,"name":"Home","item":"https:\/\/orangecounty.vote\/es\/"},{"@type":"ListItem","position":2,"name":"2022 Endorsements Spanish","item":"https:\/\/orangecounty.vote\/es\/c2022\/"},{"@type":"ListItem","position":3,"name":"Vicente Sarmiento a la Mesa de Supervisores, Distrito 2"}]},{"@type":"WebSite","@id":"https:\/\/orangecounty.vote\/#website","url":"https:\/\/orangecounty.vote\/","name":"OCPAC Voter Guide","description":"","publisher":{"@id":"https:\/\/orangecounty.vote\/#organization"},"potentialAction":[{"@type":"SearchAction","target":{"@type":"EntryPoint","urlTemplate":"https:\/\/orangecounty.vote\/?s={search_term_string}"},"query-input":{"@type":"PropertyValueSpecification","valueRequired":true,"valueName":"search_term_string"}}],"inLanguage":"es"},{"@type":["Organization","Place"],"@id":"https:\/\/orangecounty.vote\/#organization","name":"OCPAC Voter Guide","url":"https:\/\/orangecounty.vote\/","logo":{"@id":"https:\/\/orangecounty.vote\/es\/c2022\/sarmiento\/#local-main-organization-logo"},"image":{"@id":"https:\/\/orangecounty.vote\/es\/c2022\/sarmiento\/#local-main-organization-logo"},"telephone":[],"openingHoursSpecification":[{"@type":"OpeningHoursSpecification","dayOfWeek":["Monday","Tuesday","Wednesday","Thursday","Friday","Saturday","Sunday"],"opens":"09:00","closes":"17:00"}]},{"@type":"ImageObject","inLanguage":"es","@id":"https:\/\/orangecounty.vote\/es\/c2022\/sarmiento\/#local-main-organization-logo","url":"https:\/\/orangecounty.vote\/wp-content\/uploads\/sites\/6\/2024\/10\/VG-Banner.png","contentUrl":"https:\/\/orangecounty.vote\/wp-content\/uploads\/sites\/6\/2024\/10\/VG-Banner.png","width":570,"height":100,"caption":"OCPAC Voter Guide"}]}},"_links":{"self":[{"href":"https:\/\/orangecounty.vote\/es\/wp-json\/wp\/v2\/pages\/549","targetHints":{"allow":["GET"]}}],"collection":[{"href":"https:\/\/orangecounty.vote\/es\/wp-json\/wp\/v2\/pages"}],"about":[{"href":"https:\/\/orangecounty.vote\/es\/wp-json\/wp\/v2\/types\/page"}],"author":[{"embeddable":true,"href":"https:\/\/orangecounty.vote\/es\/wp-json\/wp\/v2\/users\/1"}],"replies":[{"embeddable":true,"href":"https:\/\/orangecounty.vote\/es\/wp-json\/wp\/v2\/comments?post=549"}],"version-history":[{"count":1,"href":"https:\/\/orangecounty.vote\/es\/wp-json\/wp\/v2\/pages\/549\/revisions"}],"predecessor-version":[{"id":1214,"href":"https:\/\/orangecounty.vote\/es\/wp-json\/wp\/v2\/pages\/549\/revisions\/1214"}],"up":[{"embeddable":true,"href":"https:\/\/orangecounty.vote\/es\/wp-json\/wp\/v2\/pages\/274"}],"wp:attachment":[{"href":"https:\/\/orangecounty.vote\/es\/wp-json\/wp\/v2\/media?parent=549"}],"curies":[{"name":"wp","href":"https:\/\/api.w.org\/{rel}","templated":true}]}}