{"id":623,"date":"2022-10-26T23:46:28","date_gmt":"2022-10-27T06:46:28","guid":{"rendered":"https:\/\/orangecounty.vote\/c2022\/charles\/"},"modified":"2025-02-07T05:20:31","modified_gmt":"2025-02-07T05:20:31","slug":"charles","status":"publish","type":"page","link":"https:\/\/orangecounty.vote\/es\/c2022\/charles\/","title":{"rendered":"Shana Charles a Concejal de Fullerton , Distrito 3"},"content":{"rendered":"\n<div class=\"wp-block-cover alignwide is-light is-position-center-center\"><span aria-hidden=\"true\" class=\"wp-block-cover__background has-white-background-color has-background-dim-80 has-background-dim\"><\/span><a href=\"https:\/\/orangecounty.vote\/es\/c2022\/charles\/\" title=\"Shana Charles a Concejal de Fullerton , Distrito 3\"><\/a><div class=\"wp-block-cover__inner-container is-layout-flow wp-block-cover-is-layout-flow\">\n<h2 class=\"alignwide has-text-align-left wp-block-heading\" id=\"charles\">Votemos por Shana Charles<\/h2>\n\n\n\n<h6 class=\"alignwide wp-block-heading\">Para Concejal de Fullerton, Distrito 3<\/h6>\n\n\n\n<div class=\"wp-block-columns alignwide is-layout-flex wp-container-core-columns-is-layout-9d6595d7 wp-block-columns-is-layout-flex\">\n<div class=\"wp-block-column is-vertically-aligned-top is-layout-flow wp-block-column-is-layout-flow\">\n<figure class=\"wp-block-image size-full is-style-rounded\"><img fetchpriority=\"high\" decoding=\"async\" width=\"400\" height=\"400\" src=\"http:\/\/orangecounty.vote\/wp-content\/uploads\/sites\/6\/2022\/09\/Fullerton-3-Shana-Charles-1.jpg\" alt=\"\" class=\"wp-image-79\" srcset=\"https:\/\/orangecounty.vote\/wp-content\/uploads\/sites\/6\/2022\/09\/Fullerton-3-Shana-Charles-1.jpg 400w, https:\/\/orangecounty.vote\/wp-content\/uploads\/sites\/6\/2022\/09\/Fullerton-3-Shana-Charles-1-300x300.jpg 300w, https:\/\/orangecounty.vote\/wp-content\/uploads\/sites\/6\/2022\/09\/Fullerton-3-Shana-Charles-1-150x150.jpg 150w\" sizes=\"(max-width: 400px) 100vw, 400px\" \/><\/figure>\n\n\n\n<p><\/p>\n<\/div>\n\n\n\n<div class=\"wp-block-column is-layout-flow wp-block-column-is-layout-flow\">\n<p>Shana Charles es profesora universitaria y ense\u00f1a p\u00f3liza de salud p\u00fablica en CSU Fullerton, mientras trabaja en p\u00f3liza con agencias locales.<\/p>\n\n\n\n<h4 class=\"wp-block-heading\">Prioridades<\/h4>\n\n\n\n<ul class=\"wp-block-list\"><li>salud y desarrollo sostenible en las comunidades<\/li><li>transparencia y responsabilidad en el gobierno<\/li><li>conectar las comunidades con recursos educativos<\/li><\/ul>\n<\/div>\n\n\n\n<div class=\"wp-block-column is-vertically-aligned-top is-layout-flow wp-block-column-is-layout-flow\">\n<h4 class=\"wp-block-heading\">Respaldantes<\/h4>\n\n\n\n<ul class=\"wp-block-list\" id=\"block-478b7314-8ffd-4f41-af26-7f71bbec50ef\"><li>Sharon Quirk-Silva, Asamble\u00edsta (AD-65)<\/li><li>Uni\u00f3n de Trajadores de Supermercados (UFCW) Local 324<\/li><li>The Bench Project<\/li><\/ul>\n\n\n\n<div class=\"wp-block-buttons is-layout-flex wp-block-buttons-is-layout-flex\">\n<div class=\"wp-block-button is-style-fill\"><a class=\"wp-block-button__link\" href=\"http:\/\/www.shana4fullerton.com\/\" style=\"border-radius:10px\">Lista Completa<\/a><\/div>\n<\/div>\n<\/div>\n<\/div>\n<\/div><\/div>\n\n\n\n<div class=\"wp-block-buttons alignwide is-content-justification-center is-layout-flex wp-container-core-buttons-is-layout-16018d1d wp-block-buttons-is-layout-flex\">\n<div class=\"wp-block-button\"><a class=\"wp-block-button__link\" href=\"https:\/\/ocvote.maps.arcgis.com\/apps\/webappviewer\/index.html?id=2f8a5a327bc641328db2ceafeadb93d7\">D\u00f3nde votar<\/a><\/div>\n\n\n\n<div class=\"wp-block-button\"><a class=\"wp-block-button__link\" href=\"https:\/\/ocvote.gov\/vlt\/es.html?lang=es\">\u00bfD\u00f3nde Est\u00e1 mi boleta?<\/a><\/div>\n\n\n\n<div class=\"wp-block-button\"><a class=\"wp-block-button__link\" href=\"https:\/\/orangecounty.vote\/es\/vote\/\">C\u00f3mo votar<\/a><\/div>\n<\/div>\n\n\n\n<div class=\"wp-block-cover alignwide is-light is-position-center-center\"><span aria-hidden=\"true\" class=\"wp-block-cover__background has-white-background-color has-background-dim-80 has-background-dim\"><\/span><a href=\"https:\/\/orangecounty.vote\/es\/c2022\/charles\/\" title=\"Shana Charles a Concejal de Fullerton , Distrito 3\"><\/a><div class=\"wp-block-cover__inner-container is-layout-flow wp-block-cover-is-layout-flow\">\n<h2 class=\"alignwide has-text-align-right wp-block-heading\" id=\"fullerton\">\u00bfCu\u00e1l es el trabajo de un concejal de Fullerton?<\/h2>\n\n\n\n<div class=\"wp-block-media-text alignwide has-media-on-the-right is-stacked-on-mobile is-vertically-aligned-center\" style=\"grid-template-columns:auto 33%\"><figure class=\"wp-block-media-text__media\"><a href=\"https:\/\/www.cityoffullerton.com\/Home\/Components\/News\/News\/235\/900\"><img decoding=\"async\" width=\"965\" height=\"685\" src=\"http:\/\/orangecounty.vote\/wp-content\/uploads\/sites\/6\/2022\/09\/Fullerton.jpg\" alt=\"\" class=\"wp-image-94 size-full\" srcset=\"https:\/\/orangecounty.vote\/wp-content\/uploads\/sites\/6\/2022\/09\/Fullerton.jpg 965w, https:\/\/orangecounty.vote\/wp-content\/uploads\/sites\/6\/2022\/09\/Fullerton-300x213.jpg 300w, https:\/\/orangecounty.vote\/wp-content\/uploads\/sites\/6\/2022\/09\/Fullerton-768x545.jpg 768w\" sizes=\"(max-width: 965px) 100vw, 965px\" \/><\/a><\/figure><div class=\"wp-block-media-text__content\">\n<p>En Fullerton hay cinco concejales que establecen pol\u00edticas p\u00fablicas, legislan ordenanzas, y crean el presupuesto. El concejo nombra a un administrador municipal, encargado con la administraci\u00f3n; tambi\u00e9n eligen a uno de los concejales para servir como alcalde.<\/p>\n\n\n\n<p>Manejan el gobierno municipal, incluyendo servicios como parques, polic\u00eda, bomberos, viviendas, servicios m\u00e9dicos de emergencia, pavimentos y transporte.<\/p>\n\n\n\n<p>En las elecciones del 2022, los votantes elegir\u00e1n Concejales de <a href=\"https:\/\/www.cityoffullerton.com\/government\/departments\/city-clerk\/elections\/upcoming-election\">Distritos 3, 5<\/a>.<\/p>\n<\/div><\/div>\n<\/div><\/div>\n\n\n\n<div class=\"wp-block-cover alignwide is-light\" style=\"min-height:120px;aspect-ratio:unset;\"><span aria-hidden=\"true\" class=\"wp-block-cover__background has-white-background-color has-background-dim-100 has-background-dim\"><\/span><div class=\"wp-block-cover__inner-container is-layout-flow wp-block-cover-is-layout-flow\">\n<h5 class=\"wp-block-heading alignwide has-text-align-center\"><span style=\"text-decoration: underline\">Pagado por Orange County PAC (FEC ID#C00754192)<br>Patrocinado por OC Action (<a href=\"https:\/\/ocpac.vote\">www.ocpac.vote<\/a>)<br>Financiamiento Principal de Comit\u00e9:<\/span><br>OC Action<br>BATTLEGROUND CALIFORNIA<br>Chispa PAC, Sponsored by Chispa, a project of Tides Advocacy<br><span style=\"text-decoration: underline\">No autorizado por ning\u00fan candidato ni comit\u00e9 controlado por un candidato.<\/span><\/h5>\n<\/div><\/div>\n","protected":false},"excerpt":{"rendered":"","protected":false},"author":1,"featured_media":0,"parent":274,"menu_order":0,"comment_status":"closed","ping_status":"closed","template":"","meta":{"footnotes":""},"class_list":["post-623","page","type-page","status-publish","hentry"],"yoast_head":"<!-- This site is optimized with the Yoast SEO Premium plugin v25.6 (Yoast SEO v25.6) - https:\/\/yoast.com\/wordpress\/plugins\/seo\/ -->\n<title>Shana Charles a Concejal de Fullerton , Distrito 3 - OCPAC Voter Guide<\/title>\n<meta name=\"robots\" content=\"index, follow, max-snippet:-1, max-image-preview:large, max-video-preview:-1\" \/>\n<link rel=\"canonical\" href=\"https:\/\/orangecounty.vote\/es\/c2022\/charles\/\" \/>\n<meta property=\"og:locale\" content=\"es_ES\" \/>\n<meta property=\"og:type\" content=\"article\" \/>\n<meta property=\"og:title\" content=\"Shana Charles a Concejal de Fullerton , Distrito 3\" \/>\n<meta property=\"og:url\" content=\"https:\/\/orangecounty.vote\/es\/c2022\/charles\/\" \/>\n<meta property=\"og:site_name\" content=\"OCPAC Voter Guide\" \/>\n<meta property=\"article:modified_time\" content=\"2025-02-07T05:20:31+00:00\" \/>\n<meta property=\"og:image\" content=\"http:\/\/orangecounty.vote\/wp-content\/uploads\/sites\/6\/2022\/09\/Fullerton-3-Shana-Charles-1.jpg\" \/>\n<meta name=\"twitter:card\" content=\"summary_large_image\" \/>\n<meta name=\"twitter:label1\" content=\"Tiempo de lectura\" \/>\n\t<meta name=\"twitter:data1\" content=\"1 minuto\" \/>\n<script type=\"application\/ld+json\" class=\"yoast-schema-graph\">{\"@context\":\"https:\/\/schema.org\",\"@graph\":[{\"@type\":\"WebPage\",\"@id\":\"https:\/\/orangecounty.vote\/es\/c2022\/charles\/\",\"url\":\"https:\/\/orangecounty.vote\/es\/c2022\/charles\/\",\"name\":\"Shana Charles a Concejal de Fullerton , Distrito 3 - OCPAC Voter Guide\",\"isPartOf\":{\"@id\":\"https:\/\/orangecounty.vote\/#website\"},\"primaryImageOfPage\":{\"@id\":\"https:\/\/orangecounty.vote\/es\/c2022\/charles\/#primaryimage\"},\"image\":{\"@id\":\"https:\/\/orangecounty.vote\/es\/c2022\/charles\/#primaryimage\"},\"thumbnailUrl\":\"http:\/\/orangecounty.vote\/wp-content\/uploads\/sites\/6\/2022\/09\/Fullerton-3-Shana-Charles-1.jpg\",\"datePublished\":\"2022-10-27T06:46:28+00:00\",\"dateModified\":\"2025-02-07T05:20:31+00:00\",\"breadcrumb\":{\"@id\":\"https:\/\/orangecounty.vote\/es\/c2022\/charles\/#breadcrumb\"},\"inLanguage\":\"es\",\"potentialAction\":[{\"@type\":\"ReadAction\",\"target\":[\"https:\/\/orangecounty.vote\/es\/c2022\/charles\/\"]}]},{\"@type\":\"ImageObject\",\"inLanguage\":\"es\",\"@id\":\"https:\/\/orangecounty.vote\/es\/c2022\/charles\/#primaryimage\",\"url\":\"http:\/\/orangecounty.vote\/wp-content\/uploads\/sites\/6\/2022\/09\/Fullerton-3-Shana-Charles-1.jpg\",\"contentUrl\":\"http:\/\/orangecounty.vote\/wp-content\/uploads\/sites\/6\/2022\/09\/Fullerton-3-Shana-Charles-1.jpg\"},{\"@type\":\"BreadcrumbList\",\"@id\":\"https:\/\/orangecounty.vote\/es\/c2022\/charles\/#breadcrumb\",\"itemListElement\":[{\"@type\":\"ListItem\",\"position\":1,\"name\":\"Home\",\"item\":\"https:\/\/orangecounty.vote\/es\/\"},{\"@type\":\"ListItem\",\"position\":2,\"name\":\"2022 Endorsements Spanish\",\"item\":\"https:\/\/orangecounty.vote\/es\/c2022\/\"},{\"@type\":\"ListItem\",\"position\":3,\"name\":\"Shana Charles a Concejal de Fullerton , Distrito 3\"}]},{\"@type\":\"WebSite\",\"@id\":\"https:\/\/orangecounty.vote\/#website\",\"url\":\"https:\/\/orangecounty.vote\/\",\"name\":\"OCPAC Voter Guide\",\"description\":\"\",\"publisher\":{\"@id\":\"https:\/\/orangecounty.vote\/#organization\"},\"potentialAction\":[{\"@type\":\"SearchAction\",\"target\":{\"@type\":\"EntryPoint\",\"urlTemplate\":\"https:\/\/orangecounty.vote\/?s={search_term_string}\"},\"query-input\":{\"@type\":\"PropertyValueSpecification\",\"valueRequired\":true,\"valueName\":\"search_term_string\"}}],\"inLanguage\":\"es\"},{\"@type\":[\"Organization\",\"Place\"],\"@id\":\"https:\/\/orangecounty.vote\/#organization\",\"name\":\"OCPAC Voter Guide\",\"url\":\"https:\/\/orangecounty.vote\/\",\"logo\":{\"@id\":\"https:\/\/orangecounty.vote\/es\/c2022\/charles\/#local-main-organization-logo\"},\"image\":{\"@id\":\"https:\/\/orangecounty.vote\/es\/c2022\/charles\/#local-main-organization-logo\"},\"telephone\":[],\"openingHoursSpecification\":[{\"@type\":\"OpeningHoursSpecification\",\"dayOfWeek\":[\"Monday\",\"Tuesday\",\"Wednesday\",\"Thursday\",\"Friday\",\"Saturday\",\"Sunday\"],\"opens\":\"09:00\",\"closes\":\"17:00\"}]},{\"@type\":\"ImageObject\",\"inLanguage\":\"es\",\"@id\":\"https:\/\/orangecounty.vote\/es\/c2022\/charles\/#local-main-organization-logo\",\"url\":\"https:\/\/orangecounty.vote\/wp-content\/uploads\/sites\/6\/2024\/10\/VG-Banner.png\",\"contentUrl\":\"https:\/\/orangecounty.vote\/wp-content\/uploads\/sites\/6\/2024\/10\/VG-Banner.png\",\"width\":570,\"height\":100,\"caption\":\"OCPAC Voter Guide\"}]}<\/script>\n<!-- \/ Yoast SEO Premium plugin. -->","yoast_head_json":{"title":"Shana Charles a Concejal de Fullerton , Distrito 3 - OCPAC Voter Guide","robots":{"index":"index","follow":"follow","max-snippet":"max-snippet:-1","max-image-preview":"max-image-preview:large","max-video-preview":"max-video-preview:-1"},"canonical":"https:\/\/orangecounty.vote\/es\/c2022\/charles\/","og_locale":"es_ES","og_type":"article","og_title":"Shana Charles a Concejal de Fullerton , Distrito 3","og_url":"https:\/\/orangecounty.vote\/es\/c2022\/charles\/","og_site_name":"OCPAC Voter Guide","article_modified_time":"2025-02-07T05:20:31+00:00","og_image":[{"url":"http:\/\/orangecounty.vote\/wp-content\/uploads\/sites\/6\/2022\/09\/Fullerton-3-Shana-Charles-1.jpg","type":"","width":"","height":""}],"twitter_card":"summary_large_image","twitter_misc":{"Tiempo de lectura":"1 minuto"},"schema":{"@context":"https:\/\/schema.org","@graph":[{"@type":"WebPage","@id":"https:\/\/orangecounty.vote\/es\/c2022\/charles\/","url":"https:\/\/orangecounty.vote\/es\/c2022\/charles\/","name":"Shana Charles a Concejal de Fullerton , Distrito 3 - OCPAC Voter Guide","isPartOf":{"@id":"https:\/\/orangecounty.vote\/#website"},"primaryImageOfPage":{"@id":"https:\/\/orangecounty.vote\/es\/c2022\/charles\/#primaryimage"},"image":{"@id":"https:\/\/orangecounty.vote\/es\/c2022\/charles\/#primaryimage"},"thumbnailUrl":"http:\/\/orangecounty.vote\/wp-content\/uploads\/sites\/6\/2022\/09\/Fullerton-3-Shana-Charles-1.jpg","datePublished":"2022-10-27T06:46:28+00:00","dateModified":"2025-02-07T05:20:31+00:00","breadcrumb":{"@id":"https:\/\/orangecounty.vote\/es\/c2022\/charles\/#breadcrumb"},"inLanguage":"es","potentialAction":[{"@type":"ReadAction","target":["https:\/\/orangecounty.vote\/es\/c2022\/charles\/"]}]},{"@type":"ImageObject","inLanguage":"es","@id":"https:\/\/orangecounty.vote\/es\/c2022\/charles\/#primaryimage","url":"http:\/\/orangecounty.vote\/wp-content\/uploads\/sites\/6\/2022\/09\/Fullerton-3-Shana-Charles-1.jpg","contentUrl":"http:\/\/orangecounty.vote\/wp-content\/uploads\/sites\/6\/2022\/09\/Fullerton-3-Shana-Charles-1.jpg"},{"@type":"BreadcrumbList","@id":"https:\/\/orangecounty.vote\/es\/c2022\/charles\/#breadcrumb","itemListElement":[{"@type":"ListItem","position":1,"name":"Home","item":"https:\/\/orangecounty.vote\/es\/"},{"@type":"ListItem","position":2,"name":"2022 Endorsements Spanish","item":"https:\/\/orangecounty.vote\/es\/c2022\/"},{"@type":"ListItem","position":3,"name":"Shana Charles a Concejal de Fullerton , Distrito 3"}]},{"@type":"WebSite","@id":"https:\/\/orangecounty.vote\/#website","url":"https:\/\/orangecounty.vote\/","name":"OCPAC Voter Guide","description":"","publisher":{"@id":"https:\/\/orangecounty.vote\/#organization"},"potentialAction":[{"@type":"SearchAction","target":{"@type":"EntryPoint","urlTemplate":"https:\/\/orangecounty.vote\/?s={search_term_string}"},"query-input":{"@type":"PropertyValueSpecification","valueRequired":true,"valueName":"search_term_string"}}],"inLanguage":"es"},{"@type":["Organization","Place"],"@id":"https:\/\/orangecounty.vote\/#organization","name":"OCPAC Voter Guide","url":"https:\/\/orangecounty.vote\/","logo":{"@id":"https:\/\/orangecounty.vote\/es\/c2022\/charles\/#local-main-organization-logo"},"image":{"@id":"https:\/\/orangecounty.vote\/es\/c2022\/charles\/#local-main-organization-logo"},"telephone":[],"openingHoursSpecification":[{"@type":"OpeningHoursSpecification","dayOfWeek":["Monday","Tuesday","Wednesday","Thursday","Friday","Saturday","Sunday"],"opens":"09:00","closes":"17:00"}]},{"@type":"ImageObject","inLanguage":"es","@id":"https:\/\/orangecounty.vote\/es\/c2022\/charles\/#local-main-organization-logo","url":"https:\/\/orangecounty.vote\/wp-content\/uploads\/sites\/6\/2024\/10\/VG-Banner.png","contentUrl":"https:\/\/orangecounty.vote\/wp-content\/uploads\/sites\/6\/2024\/10\/VG-Banner.png","width":570,"height":100,"caption":"OCPAC Voter Guide"}]}},"_links":{"self":[{"href":"https:\/\/orangecounty.vote\/es\/wp-json\/wp\/v2\/pages\/623","targetHints":{"allow":["GET"]}}],"collection":[{"href":"https:\/\/orangecounty.vote\/es\/wp-json\/wp\/v2\/pages"}],"about":[{"href":"https:\/\/orangecounty.vote\/es\/wp-json\/wp\/v2\/types\/page"}],"author":[{"embeddable":true,"href":"https:\/\/orangecounty.vote\/es\/wp-json\/wp\/v2\/users\/1"}],"replies":[{"embeddable":true,"href":"https:\/\/orangecounty.vote\/es\/wp-json\/wp\/v2\/comments?post=623"}],"version-history":[{"count":1,"href":"https:\/\/orangecounty.vote\/es\/wp-json\/wp\/v2\/pages\/623\/revisions"}],"predecessor-version":[{"id":1217,"href":"https:\/\/orangecounty.vote\/es\/wp-json\/wp\/v2\/pages\/623\/revisions\/1217"}],"up":[{"embeddable":true,"href":"https:\/\/orangecounty.vote\/es\/wp-json\/wp\/v2\/pages\/274"}],"wp:attachment":[{"href":"https:\/\/orangecounty.vote\/es\/wp-json\/wp\/v2\/media?parent=623"}],"curies":[{"name":"wp","href":"https:\/\/api.w.org\/{rel}","templated":true}]}}